{"id":39682,"date":"2024-11-02T17:19:44","date_gmt":"2024-11-02T16:19:44","guid":{"rendered":"https:\/\/trail-atlasquest.com\/?page_id=39682"},"modified":"2024-11-04T14:18:52","modified_gmt":"2024-11-04T13:18:52","slug":"temoignages-2","status":"publish","type":"page","link":"https:\/\/trail-atlasquest.com\/fr\/temoignages-2\/","title":{"rendered":"T\u00e9moignages Toubkal"},"content":{"rendered":"\t\t<div data-elementor-type=\"wp-page\" data-elementor-id=\"39682\" class=\"elementor elementor-39682 elementor-39681\" data-elementor-post-type=\"page\">\n\t\t\t\t<div class=\"elementor-element elementor-element-e1b6e22 e-con-full e-flex e-con e-parent\" data-id=\"e1b6e22\" data-element_type=\"container\" data-settings=\"{&quot;background_background&quot;:&quot;classic&quot;}\">\n\t\t<div class=\"elementor-element elementor-element-04bf1fc e-con-full e-flex e-con e-child\" data-id=\"04bf1fc\" data-element_type=\"container\" data-settings=\"{&quot;background_background&quot;:&quot;classic&quot;}\">\n\t\t\t\t<div class=\"elementor-element elementor-element-833a92c elementor-widget elementor-widget-heading\" data-id=\"833a92c\" data-element_type=\"widget\" data-widget_type=\"heading.default\">\n\t\t\t\t<div class=\"elementor-widget-container\">\n\t\t\t\t\t<h1 class=\"elementor-heading-title elementor-size-default\">T\u00c9MOIGNAGES TOUBKAL<\/h1>\t\t\t\t<\/div>\n\t\t\t\t<\/div>\n\t\t\t\t<\/div>\n\t\t\t\t<\/div>\n\t\t<div class=\"elementor-element elementor-element-eaddac7 e-con-full e-flex e-con e-parent\" data-id=\"eaddac7\" data-element_type=\"container\">\n\t\t\t\t<div class=\"elementor-element elementor-element-30182bc elementor-widget elementor-widget-heading\" data-id=\"30182bc\" data-element_type=\"widget\" data-widget_type=\"heading.default\">\n\t\t\t\t<div class=\"elementor-widget-container\">\n\t\t\t\t\t<h2 class=\"elementor-heading-title elementor-size-default\">T\u00e9moignages 2024<\/h2>\t\t\t\t<\/div>\n\t\t\t\t<\/div>\n\t\t\t\t<div class=\"elementor-element elementor-element-713d195 elementor-testimonial--align-left elementor-testimonial--skin-default elementor-testimonial--layout-image_inline elementor-arrows-yes elementor-pagination-type-bullets elementor-widget elementor-widget-testimonial-carousel\" data-id=\"713d195\" data-element_type=\"widget\" data-settings=\"{&quot;slides_per_view&quot;:&quot;2&quot;,&quot;slides_per_view_mobile&quot;:&quot;1&quot;,&quot;slides_to_scroll&quot;:&quot;2&quot;,&quot;slides_to_scroll_mobile&quot;:&quot;1&quot;,&quot;speed&quot;:300,&quot;show_arrows&quot;:&quot;yes&quot;,&quot;pagination&quot;:&quot;bullets&quot;,&quot;loop&quot;:&quot;yes&quot;,&quot;space_between&quot;:{&quot;unit&quot;:&quot;px&quot;,&quot;size&quot;:10,&quot;sizes&quot;:[]},&quot;space_between_tablet&quot;:{&quot;unit&quot;:&quot;px&quot;,&quot;size&quot;:10,&quot;sizes&quot;:[]},&quot;space_between_mobile&quot;:{&quot;unit&quot;:&quot;px&quot;,&quot;size&quot;:10,&quot;sizes&quot;:[]}}\" data-widget_type=\"testimonial-carousel.default\">\n\t\t\t\t<div class=\"elementor-widget-container\">\n\t\t\t\t\t\t\t<div class=\"elementor-swiper\">\n\t\t\t<div class=\"elementor-main-swiper swiper\">\n\t\t\t\t<div class=\"swiper-wrapper\">\n\t\t\t\t\t\t\t\t\t\t\t<div class=\"swiper-slide\">\n\t\t\t\t\t\t\t\t\t<div class=\"elementor-testimonial\">\n\t\t\t\t\t\t\t<div class=\"elementor-testimonial__content\">\n\t\t\t\t\t<div class=\"elementor-testimonial__text\">\n\t\t\t\t\t\t\u00ab\u00a0Moment suspendu sous d\u2019autres latitudes, du d\u00e9passement, du partage, des rires, des fous rires, de la bienveillance. Une chose est s\u00fbre, je n\u2019avais jamais vu les \u00e9toiles d\u2019aussi pr\u00e8s, c\u2019est une fois l\u00e0-haut que je les ai vues briller dans leurs yeux. Merci \u00e0 Mohamed, notre guide de nous avoir montr\u00e9 le chemin, merci \u00e0 Alex de m\u2019avoir fait sauter le pas \u2026 Thank you Norway for bringing bubbles to the summit\u00a0! Well done\u00a0\u00bb\t\t\t\t\t<\/div>\n\t\t\t\t\t\t\t\t\t<\/div>\n\t\t\t\t\t\t<div class=\"elementor-testimonial__footer\">\n\t\t\t\t\t\t\t\t<cite class=\"elementor-testimonial__cite\"><span class=\"elementor-testimonial__name\">Micka\u00ebl Combeau 2024<\/span><\/cite>\t\t\t<\/div>\n\t\t<\/div>\n\t\t\t\t\t\t\t\t<\/div>\n\t\t\t\t\t\t\t\t\t\t\t<div class=\"swiper-slide\">\n\t\t\t\t\t\t\t\t\t<div class=\"elementor-testimonial\">\n\t\t\t\t\t\t\t<div class=\"elementor-testimonial__content\">\n\t\t\t\t\t<div class=\"elementor-testimonial__text\">\n\t\t\t\t\t\t\u00ab\u00a0Lors de mon inscription pour l\u2019Atlas Quest, j\u2019avais coch\u00e9 l\u2019option \u00ab\u00a0Toubkal Exp\u00e9rience\u00a0\u00bb. Ce fut deux jours et demi de bonheur total, au sein d\u2019un petit groupe bienveillant pour aller d\u00e9couvrir le G\u00e9ant de l\u2019Atlas. J\u2019ai aim\u00e9 le confort de l\u2019auberge \u00e0 Imlil et la simplicit\u00e9 chaleureuse du bivouac avant l\u2019ascension finale, les rencontres et la solidarit\u00e9 entre les participants venus d\u2019horizons diff\u00e9rents, la beaut\u00e9 sauvage de ces montagnes majestueuses, les petits villages color\u00e9s et pleins de vie. Dans les pas de notre guide Mohamed, j\u2019ai eu le plaisir de vaincre mon appr\u00e9hension li\u00e9e \u00e0 l\u2019altitude et \u00e0 passer sans encombre et pour la premi\u00e8re fois la barri\u00e8re des 4000 m. Le lever du soleil absolument magique en haut du Toubkal restera \u00e0 jamais grav\u00e9 dans ma m\u00e9moire. Je n\u2019oublierai pas non plus les sourires de chacun et la joie partag\u00e9e. Ce groupe \u00e9tait fin pr\u00eat pour rejoindre Oukaimeden et vivre pleinement les \u00e9preuves de l\u2019Atlas Quest.\u00a0\u00bb\t\t\t\t\t<\/div>\n\t\t\t\t\t\t\t\t\t<\/div>\n\t\t\t\t\t\t<div class=\"elementor-testimonial__footer\">\n\t\t\t\t\t\t\t\t<cite class=\"elementor-testimonial__cite\"><span class=\"elementor-testimonial__name\">Gilles Esselin 2024<\/span><\/cite>\t\t\t<\/div>\n\t\t<\/div>\n\t\t\t\t\t\t\t\t<\/div>\n\t\t\t\t\t\t\t\t\t\t\t<div class=\"swiper-slide\">\n\t\t\t\t\t\t\t\t\t<div class=\"elementor-testimonial\">\n\t\t\t\t\t\t\t<div class=\"elementor-testimonial__content\">\n\t\t\t\t\t<div class=\"elementor-testimonial__text\">\n\t\t\t\t\t\t\u00ab\u00a0L\u2019Atlas Quest porte \u00e0 merveille son nom, ce n\u2019est pas qu\u2019une couse de plus, un trail de plus, c\u2019est une qu\u00eate aux multiples visages. L\u2019Atlas Quest est magique surtout lorsque dans la m\u00eame semaine, avant la course, vous faites l\u2019ascension du Mont Toubkal. J\u2019\u00e9tais venu seul sur le sentier. Ce sont les pas de mes 23 compagnons de voyage qui se sont mis en harmonie dans cette qu\u00eate d\u2019altitude, de beaut\u00e9 de grandiose, de cette beaut\u00e9 dans les regards, dans la bienveillance qui vous fait dire que c\u2019est possible une vie de paix.\u00a0\u00bb\t\t\t\t\t<\/div>\n\t\t\t\t\t\t\t\t\t<\/div>\n\t\t\t\t\t\t<div class=\"elementor-testimonial__footer\">\n\t\t\t\t\t\t\t\t<cite class=\"elementor-testimonial__cite\"><span class=\"elementor-testimonial__name\">Bruno Guillot 2024<\/span><\/cite>\t\t\t<\/div>\n\t\t<\/div>\n\t\t\t\t\t\t\t\t<\/div>\n\t\t\t\t\t\t\t\t\t\t\t<div class=\"swiper-slide\">\n\t\t\t\t\t\t\t\t\t<div class=\"elementor-testimonial\">\n\t\t\t\t\t\t\t<div class=\"elementor-testimonial__content\">\n\t\t\t\t\t<div class=\"elementor-testimonial__text\">\n\t\t\t\t\t\t\u00ab\u00a0Quelle chouette id\u00e9e de proposer cette exp\u00e9rience au sein de ce territoire qui nous accueille pour courir\u00a0! Quelle chance de pouvoir l\u2019appr\u00e9cier en marchant, sans chrono (faut pas exag\u00e9rer non plus\u00a0\uf04a) Ce n\u2019est pas la premi\u00e8re fois que je foule et arpente ces sentiers min\u00e9raux, rocailleux, et c\u2019est pourtant toujours le m\u00eame plaisir d\u2019\u00e9vasion, de libert\u00e9. Un petit sac \u00e0 dos, un guide, un cuisinier de vaillantes mules et leurs muletiers et c\u2019est tout. J\u2019\u00e9prouve un r\u00e9el soulagement de me satisfaire juste du n\u00e9cessaire, m\u2019accommoder de ce que je ne peux ma\u00eetriser, rencontrer les trekkeurs de notre groupe, tous venus pour vivre l\u2019Exp\u00e9rience du mythique Djebel Toubkal. J\u2019aime ce d\u00e9part matinal et ce cort\u00e8ge de lucioles \u2026 puis la r\u00e9compense, le Toubkal au soleil levant, le timing parfait. Deux jours de d\u00e9connexion, d\u2019\u00e9changes ou de r\u00e9flexions. Plus qu\u2019une acclimatation \u00e0 l\u2019altitude pour les courses \u00e0 venir, ne serait-ce pas une pr\u00e9paration plus compl\u00e8te\u00a0?\u00a0\u00bb\t\t\t\t\t<\/div>\n\t\t\t\t\t\t\t\t\t<\/div>\n\t\t\t\t\t\t<div class=\"elementor-testimonial__footer\">\n\t\t\t\t\t\t\t\t<cite class=\"elementor-testimonial__cite\"><span class=\"elementor-testimonial__name\">Cecile Callot 2024<\/span><\/cite>\t\t\t<\/div>\n\t\t<\/div>\n\t\t\t\t\t\t\t\t<\/div>\n\t\t\t\t\t\t\t\t\t<\/div>\n\t\t\t\t\t\t\t\t\t\t\t\t\t\t\t<div class=\"swiper-pagination\"><\/div>\n\t\t\t\t\t\t\t\t\t\t\t\t\t\t\t\t<div class=\"elementor-swiper-button elementor-swiper-button-prev\" role=\"button\" tabindex=\"0\">\n\t\t\t\t\t\t\t<svg aria-hidden=\"true\" class=\"e-font-icon-svg e-eicon-chevron-left\" viewBox=\"0 0 1000 1000\" xmlns=\"http:\/\/www.w3.org\/2000\/svg\"><path d=\"M646 125C629 125 613 133 604 142L308 442C296 454 292 471 292 487 292 504 296 521 308 533L604 854C617 867 629 875 646 875 663 875 679 871 692 858 704 846 713 829 713 812 713 796 708 779 692 767L438 487 692 225C700 217 708 204 708 187 708 171 704 154 692 142 675 129 663 125 646 125Z\"><\/path><\/svg>\t\t\t\t\t\t\t<span class=\"elementor-screen-only\">Pr\u00e9c\u00e9dent<\/span>\n\t\t\t\t\t\t<\/div>\n\t\t\t\t\t\t<div class=\"elementor-swiper-button elementor-swiper-button-next\" role=\"button\" tabindex=\"0\">\n\t\t\t\t\t\t\t<svg aria-hidden=\"true\" class=\"e-font-icon-svg e-eicon-chevron-right\" viewBox=\"0 0 1000 1000\" xmlns=\"http:\/\/www.w3.org\/2000\/svg\"><path d=\"M696 533C708 521 713 504 713 487 713 471 708 454 696 446L400 146C388 133 375 125 354 125 338 125 325 129 313 142 300 154 292 171 292 187 292 204 296 221 308 233L563 492 304 771C292 783 288 800 288 817 288 833 296 850 308 863 321 871 338 875 354 875 371 875 388 867 400 854L696 533Z\"><\/path><\/svg>\t\t\t\t\t\t\t<span class=\"elementor-screen-only\">Suivant<\/span>\n\t\t\t\t\t\t<\/div>\n\t\t\t\t\t\t\t\t\t\t\t\t<\/div>\n\t\t<\/div>\n\t\t\t\t\t\t<\/div>\n\t\t\t\t<\/div>\n\t\t\t\t<\/div>\n\t\t\t\t<\/div>\n\t\t","protected":false},"excerpt":{"rendered":"<p>T\u00c9MOIGNAGES TOUBKAL T\u00e9moignages 2024 \u00ab\u00a0Moment suspendu sous d\u2019autres latitudes, du d\u00e9passement, du partage, des rires, des fous rires, de la bienveillance. Une chose est s\u00fbre, je n\u2019avais jamais vu les \u00e9toiles d\u2019aussi pr\u00e8s, c\u2019est une fois l\u00e0-haut que je les ai vues briller dans leurs yeux. Merci \u00e0 Mohamed, notre guide de nous avoir montr\u00e9 [&hellip;]<\/p>\n","protected":false},"author":49,"featured_media":0,"parent":0,"menu_order":0,"comment_status":"closed","ping_status":"closed","template":"","meta":{"_acf_changed":false,"_mo_disable_npp":"","site-sidebar-layout":"no-sidebar","site-content-layout":"","ast-site-content-layout":"full-width-container","site-content-style":"default","site-sidebar-style":"default","ast-global-header-display":"","ast-banner-title-visibility":"","ast-main-header-display":"","ast-hfb-above-header-display":"","ast-hfb-below-header-display":"","ast-hfb-mobile-header-display":"","site-post-title":"disabled","ast-breadcrumbs-content":"","ast-featured-img":"disabled","footer-sml-layout":"","theme-transparent-header-meta":"","adv-header-id-meta":"","stick-header-meta":"","header-above-stick-meta":"","header-main-stick-meta":"","header-below-stick-meta":"","astra-migrate-meta-layouts":"default","ast-page-background-enabled":"default","ast-page-background-meta":{"desktop":{"background-color":"var(--ast-global-color-4)","background-image":"","background-repeat":"repeat","background-position":"center center","background-size":"auto","background-attachment":"scroll","background-type":"","background-media":"","overlay-type":"","overlay-color":"","overlay-opacity":"","overlay-gradient":""},"tablet":{"background-color":"","background-image":"","background-repeat":"repeat","background-position":"center center","background-size":"auto","background-attachment":"scroll","background-type":"","background-media":"","overlay-type":"","overlay-color":"","overlay-opacity":"","overlay-gradient":""},"mobile":{"background-color":"","background-image":"","background-repeat":"repeat","background-position":"center center","background-size":"auto","background-attachment":"scroll","background-type":"","background-media":"","overlay-type":"","overlay-color":"","overlay-opacity":"","overlay-gradient":""}},"ast-content-background-meta":{"desktop":{"background-color":"var(--ast-global-color-5)","background-image":"","background-repeat":"repeat","background-position":"center center","background-size":"auto","background-attachment":"scroll","background-type":"","background-media":"","overlay-type":"","overlay-color":"","overlay-opacity":"","overlay-gradient":""},"tablet":{"background-color":"var(--ast-global-color-5)","background-image":"","background-repeat":"repeat","background-position":"center center","background-size":"auto","background-attachment":"scroll","background-type":"","background-media":"","overlay-type":"","overlay-color":"","overlay-opacity":"","overlay-gradient":""},"mobile":{"background-color":"var(--ast-global-color-5)","background-image":"","background-repeat":"repeat","background-position":"center center","background-size":"auto","background-attachment":"scroll","background-type":"","background-media":"","overlay-type":"","overlay-color":"","overlay-opacity":"","overlay-gradient":""}},"footnotes":""},"class_list":["post-39682","page","type-page","status-publish","hentry"],"acf":[],"yoast_head":"<!-- This site is optimized with the Yoast SEO plugin v23.8 - https:\/\/yoast.com\/wordpress\/plugins\/seo\/ -->\n<title>T\u00e9moignages Toubkal | Atlas Quest | Ultra Trail Atlas Toubkal \u00ae<\/title>\n<meta name=\"robots\" content=\"index, follow, max-snippet:-1, max-image-preview:large, max-video-preview:-1\" \/>\n<link rel=\"canonical\" href=\"https:\/\/trail-atlasquest.com\/fr\/temoignages-2\/\" \/>\n<meta property=\"og:locale\" content=\"fr_FR\" \/>\n<meta property=\"og:type\" content=\"article\" \/>\n<meta property=\"og:title\" content=\"T\u00e9moignages Toubkal | Atlas Quest | Ultra Trail Atlas Toubkal \u00ae\" \/>\n<meta property=\"og:description\" content=\"T\u00c9MOIGNAGES TOUBKAL T\u00e9moignages 2024 \u00ab\u00a0Moment suspendu sous d\u2019autres latitudes, du d\u00e9passement, du partage, des rires, des fous rires, de la bienveillance. Une chose est s\u00fbre, je n\u2019avais jamais vu les \u00e9toiles d\u2019aussi pr\u00e8s, c\u2019est une fois l\u00e0-haut que je les ai vues briller dans leurs yeux. Merci \u00e0 Mohamed, notre guide de nous avoir montr\u00e9 [&hellip;]\" \/>\n<meta property=\"og:url\" content=\"https:\/\/trail-atlasquest.com\/fr\/temoignages-2\/\" \/>\n<meta property=\"og:site_name\" content=\"Atlas Quest | Ultra Trail Atlas Toubkal \u00ae\" \/>\n<meta property=\"article:publisher\" content=\"https:\/\/www.facebook.com\/UTATofficielle\/\" \/>\n<meta property=\"article:modified_time\" content=\"2024-11-04T13:18:52+00:00\" \/>\n<meta name=\"twitter:card\" content=\"summary_large_image\" \/>\n<meta name=\"twitter:label1\" content=\"Dur\u00e9e de lecture estim\u00e9e\" \/>\n\t<meta name=\"twitter:data1\" content=\"6 minutes\" \/>\n<script type=\"application\/ld+json\" class=\"yoast-schema-graph\">{\"@context\":\"https:\/\/schema.org\",\"@graph\":[{\"@type\":\"WebPage\",\"@id\":\"https:\/\/trail-atlasquest.com\/fr\/temoignages-2\/\",\"url\":\"https:\/\/trail-atlasquest.com\/fr\/temoignages-2\/\",\"name\":\"T\u00e9moignages Toubkal | Atlas Quest | Ultra Trail Atlas Toubkal \u00ae\",\"isPartOf\":{\"@id\":\"https:\/\/trail-atlasquest.com\/#website\"},\"datePublished\":\"2024-11-02T16:19:44+00:00\",\"dateModified\":\"2024-11-04T13:18:52+00:00\",\"breadcrumb\":{\"@id\":\"https:\/\/trail-atlasquest.com\/fr\/temoignages-2\/#breadcrumb\"},\"inLanguage\":\"fr-FR\",\"potentialAction\":[{\"@type\":\"ReadAction\",\"target\":[\"https:\/\/trail-atlasquest.com\/fr\/temoignages-2\/\"]}]},{\"@type\":\"BreadcrumbList\",\"@id\":\"https:\/\/trail-atlasquest.com\/fr\/temoignages-2\/#breadcrumb\",\"itemListElement\":[{\"@type\":\"ListItem\",\"position\":1,\"name\":\"Accueil\",\"item\":\"https:\/\/trail-atlasquest.com\/fr\/accueil\/\"},{\"@type\":\"ListItem\",\"position\":2,\"name\":\"T\u00e9moignages Toubkal\"}]},{\"@type\":\"WebSite\",\"@id\":\"https:\/\/trail-atlasquest.com\/#website\",\"url\":\"https:\/\/trail-atlasquest.com\/\",\"name\":\"Atlas Quest | Ultra Trail Atlas Toubkal \u00ae\",\"description\":\"Find Your Breath in the Atlas\",\"publisher\":{\"@id\":\"https:\/\/trail-atlasquest.com\/#organization\"},\"potentialAction\":[{\"@type\":\"SearchAction\",\"target\":{\"@type\":\"EntryPoint\",\"urlTemplate\":\"https:\/\/trail-atlasquest.com\/?s={search_term_string}\"},\"query-input\":{\"@type\":\"PropertyValueSpecification\",\"valueRequired\":true,\"valueName\":\"search_term_string\"}}],\"inLanguage\":\"fr-FR\"},{\"@type\":\"Organization\",\"@id\":\"https:\/\/trail-atlasquest.com\/#organization\",\"name\":\"Association Sport Nature D\u00e9veloppement\",\"alternateName\":\"ASND\",\"url\":\"https:\/\/trail-atlasquest.com\/\",\"logo\":{\"@type\":\"ImageObject\",\"inLanguage\":\"fr-FR\",\"@id\":\"https:\/\/trail-atlasquest.com\/#\/schema\/logo\/image\/\",\"url\":\"https:\/\/trail-atlasquest.com\/wp-content\/uploads\/2023\/11\/Logo-AQ-CMJN-PNG1.png\",\"contentUrl\":\"https:\/\/trail-atlasquest.com\/wp-content\/uploads\/2023\/11\/Logo-AQ-CMJN-PNG1.png\",\"width\":1928,\"height\":756,\"caption\":\"Association Sport Nature D\u00e9veloppement\"},\"image\":{\"@id\":\"https:\/\/trail-atlasquest.com\/#\/schema\/logo\/image\/\"},\"sameAs\":[\"https:\/\/www.facebook.com\/UTATofficielle\/\",\"https:\/\/www.instagram.com\/atlas_quest_ultratrail\/\",\"https:\/\/www.youtube.com\/@UltraTrailAtlasToubkal\"]}]}<\/script>\n<!-- \/ Yoast SEO plugin. -->","yoast_head_json":{"title":"T\u00e9moignages Toubkal | Atlas Quest | Ultra Trail Atlas Toubkal \u00ae","robots":{"index":"index","follow":"follow","max-snippet":"max-snippet:-1","max-image-preview":"max-image-preview:large","max-video-preview":"max-video-preview:-1"},"canonical":"https:\/\/trail-atlasquest.com\/fr\/temoignages-2\/","og_locale":"fr_FR","og_type":"article","og_title":"T\u00e9moignages Toubkal | Atlas Quest | Ultra Trail Atlas Toubkal \u00ae","og_description":"T\u00c9MOIGNAGES TOUBKAL T\u00e9moignages 2024 \u00ab\u00a0Moment suspendu sous d\u2019autres latitudes, du d\u00e9passement, du partage, des rires, des fous rires, de la bienveillance. Une chose est s\u00fbre, je n\u2019avais jamais vu les \u00e9toiles d\u2019aussi pr\u00e8s, c\u2019est une fois l\u00e0-haut que je les ai vues briller dans leurs yeux. Merci \u00e0 Mohamed, notre guide de nous avoir montr\u00e9 [&hellip;]","og_url":"https:\/\/trail-atlasquest.com\/fr\/temoignages-2\/","og_site_name":"Atlas Quest | Ultra Trail Atlas Toubkal \u00ae","article_publisher":"https:\/\/www.facebook.com\/UTATofficielle\/","article_modified_time":"2024-11-04T13:18:52+00:00","twitter_card":"summary_large_image","twitter_misc":{"Dur\u00e9e de lecture estim\u00e9e":"6 minutes"},"schema":{"@context":"https:\/\/schema.org","@graph":[{"@type":"WebPage","@id":"https:\/\/trail-atlasquest.com\/fr\/temoignages-2\/","url":"https:\/\/trail-atlasquest.com\/fr\/temoignages-2\/","name":"T\u00e9moignages Toubkal | Atlas Quest | Ultra Trail Atlas Toubkal \u00ae","isPartOf":{"@id":"https:\/\/trail-atlasquest.com\/#website"},"datePublished":"2024-11-02T16:19:44+00:00","dateModified":"2024-11-04T13:18:52+00:00","breadcrumb":{"@id":"https:\/\/trail-atlasquest.com\/fr\/temoignages-2\/#breadcrumb"},"inLanguage":"fr-FR","potentialAction":[{"@type":"ReadAction","target":["https:\/\/trail-atlasquest.com\/fr\/temoignages-2\/"]}]},{"@type":"BreadcrumbList","@id":"https:\/\/trail-atlasquest.com\/fr\/temoignages-2\/#breadcrumb","itemListElement":[{"@type":"ListItem","position":1,"name":"Accueil","item":"https:\/\/trail-atlasquest.com\/fr\/accueil\/"},{"@type":"ListItem","position":2,"name":"T\u00e9moignages Toubkal"}]},{"@type":"WebSite","@id":"https:\/\/trail-atlasquest.com\/#website","url":"https:\/\/trail-atlasquest.com\/","name":"Atlas Quest | Ultra Trail Atlas Toubkal \u00ae","description":"Find Your Breath in the Atlas","publisher":{"@id":"https:\/\/trail-atlasquest.com\/#organization"},"potentialAction":[{"@type":"SearchAction","target":{"@type":"EntryPoint","urlTemplate":"https:\/\/trail-atlasquest.com\/?s={search_term_string}"},"query-input":{"@type":"PropertyValueSpecification","valueRequired":true,"valueName":"search_term_string"}}],"inLanguage":"fr-FR"},{"@type":"Organization","@id":"https:\/\/trail-atlasquest.com\/#organization","name":"Association Sport Nature D\u00e9veloppement","alternateName":"ASND","url":"https:\/\/trail-atlasquest.com\/","logo":{"@type":"ImageObject","inLanguage":"fr-FR","@id":"https:\/\/trail-atlasquest.com\/#\/schema\/logo\/image\/","url":"https:\/\/trail-atlasquest.com\/wp-content\/uploads\/2023\/11\/Logo-AQ-CMJN-PNG1.png","contentUrl":"https:\/\/trail-atlasquest.com\/wp-content\/uploads\/2023\/11\/Logo-AQ-CMJN-PNG1.png","width":1928,"height":756,"caption":"Association Sport Nature D\u00e9veloppement"},"image":{"@id":"https:\/\/trail-atlasquest.com\/#\/schema\/logo\/image\/"},"sameAs":["https:\/\/www.facebook.com\/UTATofficielle\/","https:\/\/www.instagram.com\/atlas_quest_ultratrail\/","https:\/\/www.youtube.com\/@UltraTrailAtlasToubkal"]}]}},"_links":{"self":[{"href":"https:\/\/trail-atlasquest.com\/fr\/wp-json\/wp\/v2\/pages\/39682","targetHints":{"allow":["GET"]}}],"collection":[{"href":"https:\/\/trail-atlasquest.com\/fr\/wp-json\/wp\/v2\/pages"}],"about":[{"href":"https:\/\/trail-atlasquest.com\/fr\/wp-json\/wp\/v2\/types\/page"}],"author":[{"embeddable":true,"href":"https:\/\/trail-atlasquest.com\/fr\/wp-json\/wp\/v2\/users\/49"}],"replies":[{"embeddable":true,"href":"https:\/\/trail-atlasquest.com\/fr\/wp-json\/wp\/v2\/comments?post=39682"}],"version-history":[{"count":15,"href":"https:\/\/trail-atlasquest.com\/fr\/wp-json\/wp\/v2\/pages\/39682\/revisions"}],"predecessor-version":[{"id":39788,"href":"https:\/\/trail-atlasquest.com\/fr\/wp-json\/wp\/v2\/pages\/39682\/revisions\/39788"}],"wp:attachment":[{"href":"https:\/\/trail-atlasquest.com\/fr\/wp-json\/wp\/v2\/media?parent=39682"}],"curies":[{"name":"wp","href":"https:\/\/api.w.org\/{rel}","templated":true}]}}