{"id":39607,"date":"2024-10-31T21:09:00","date_gmt":"2024-10-31T20:09:00","guid":{"rendered":"https:\/\/trail-atlasquest.com\/?page_id=39607"},"modified":"2024-11-04T14:13:50","modified_gmt":"2024-11-04T13:13:50","slug":"sur-le-toit-de-l-atlas","status":"publish","type":"page","link":"https:\/\/trail-atlasquest.com\/fr\/sur-le-toit-de-l-atlas\/","title":{"rendered":"sur le toit de l atlas"},"content":{"rendered":"\t\t<div data-elementor-type=\"wp-page\" data-elementor-id=\"39607\" class=\"elementor elementor-39607\" data-elementor-post-type=\"page\">\n\t\t\t\t<div class=\"elementor-element elementor-element-853d219 e-con-full e-flex e-con e-parent\" data-id=\"853d219\" data-element_type=\"container\" data-settings=\"{&quot;background_background&quot;:&quot;classic&quot;}\">\n\t\t<div class=\"elementor-element elementor-element-613bd30c e-con-full e-flex e-con e-child\" data-id=\"613bd30c\" data-element_type=\"container\" data-settings=\"{&quot;background_background&quot;:&quot;classic&quot;}\">\n\t\t\t\t<div class=\"elementor-element elementor-element-1b57abb4 elementor-widget elementor-widget-heading\" data-id=\"1b57abb4\" data-element_type=\"widget\" data-widget_type=\"heading.default\">\n\t\t\t\t<div class=\"elementor-widget-container\">\n\t\t\t\t\t<h1 class=\"elementor-heading-title elementor-size-default\">Sur le toit de l'Atlas<\/h1>\t\t\t\t<\/div>\n\t\t\t\t<\/div>\n\t\t\t\t<\/div>\n\t\t\t\t<\/div>\n\t\t<div class=\"elementor-element elementor-element-54bcb068 e-con-full e-flex e-con e-parent\" data-id=\"54bcb068\" data-element_type=\"container\">\n\t\t\t\t<div class=\"elementor-element elementor-element-6ae71abb elementor-widget__width-initial elementor-widget elementor-widget-text-editor\" data-id=\"6ae71abb\" data-element_type=\"widget\" data-widget_type=\"text-editor.default\">\n\t\t\t\t<div class=\"elementor-widget-container\">\n\t\t\t\t\t\t\t\t\t<p><strong>3 jours de trek pour devenir Summiter*<\/strong><\/p><ul><li><strong>Avant les courses<\/strong> : du lundi 29 septembre 2025 au mercredi 1er octobre 2025.<\/li><li><strong>Apr\u00e8s les courses<\/strong> : du lundi 6 octobre 2025 au mercredi 8 octobre 2025<\/li><\/ul>\t\t\t\t\t\t\t\t<\/div>\n\t\t\t\t<\/div>\n\t\t\t\t<\/div>\n\t\t<div class=\"elementor-element elementor-element-45ed2f23 e-con-full e-flex e-con e-parent\" data-id=\"45ed2f23\" data-element_type=\"container\">\n\t\t<div class=\"elementor-element elementor-element-33afbfe2 e-con-full e-flex e-con e-child\" data-id=\"33afbfe2\" data-element_type=\"container\">\n\t\t\t\t<div class=\"elementor-element elementor-element-8c411b1 elementor-widget elementor-widget-image\" data-id=\"8c411b1\" data-element_type=\"widget\" data-widget_type=\"image.default\">\n\t\t\t\t<div class=\"elementor-widget-container\">\n\t\t\t\t\t\t\t\t\t\t\t\t\t\t\t<img fetchpriority=\"high\" decoding=\"async\" width=\"750\" height=\"1000\" src=\"https:\/\/trail-atlasquest.com\/wp-content\/uploads\/2024\/11\/@maurinecallot-27.jpg\" class=\"attachment-2048x2048 size-2048x2048 wp-image-39641\" alt=\"\" srcset=\"https:\/\/trail-atlasquest.com\/wp-content\/uploads\/2024\/11\/@maurinecallot-27.jpg 750w, https:\/\/trail-atlasquest.com\/wp-content\/uploads\/2024\/11\/@maurinecallot-27-225x300.jpg 225w, https:\/\/trail-atlasquest.com\/wp-content\/uploads\/2024\/11\/@maurinecallot-27-600x800.jpg 600w\" sizes=\"(max-width: 750px) 100vw, 750px\" \/>\t\t\t\t\t\t\t\t\t\t\t\t\t\t\t<\/div>\n\t\t\t\t<\/div>\n\t\t\t\t<div class=\"elementor-element elementor-element-c8c1495 elementor-widget elementor-widget-heading\" data-id=\"c8c1495\" data-element_type=\"widget\" data-widget_type=\"heading.default\">\n\t\t\t\t<div class=\"elementor-widget-container\">\n\t\t\t\t\t<p class=\"elementor-heading-title elementor-size-default\">R\u00e9my L<\/p>\t\t\t\t<\/div>\n\t\t\t\t<\/div>\n\t\t\t\t<\/div>\n\t\t<div class=\"elementor-element elementor-element-3040d8bf e-con-full e-flex e-con e-child\" data-id=\"3040d8bf\" data-element_type=\"container\">\n\t\t\t\t<div class=\"elementor-element elementor-element-2dfc447e elementor-widget elementor-widget-heading\" data-id=\"2dfc447e\" data-element_type=\"widget\" data-widget_type=\"heading.default\">\n\t\t\t\t<div class=\"elementor-widget-container\">\n\t\t\t\t\t<h3 class=\"elementor-heading-title elementor-size-default\">Avant ou apr\u00e8s les courses Atlas Quest, participant non coureur ou b\u00e9n\u00e9vole, d\u00e9couvrez le plus haut sommet de l\u2019Afrique du Nord, le\nmythique Djebel Toubkal \u00e0 quelques pas du terrain de jeu de l\u2019Atlas Quest.<\/h3>\t\t\t\t<\/div>\n\t\t\t\t<\/div>\n\t\t\t\t<div class=\"elementor-element elementor-element-619628ac elementor-widget elementor-widget-text-editor\" data-id=\"619628ac\" data-element_type=\"widget\" data-widget_type=\"text-editor.default\">\n\t\t\t\t<div class=\"elementor-widget-container\">\n\t\t\t\t\t\t\t\t\t<p>C\u2019est une belle occasion de devenir Summiter d\u2019un sommet de 4167 m, peut-\u00eatre votre premier 4000.<br \/>L\u2019ascension accessible, reste n\u00e9anmoins un d\u00e9fi sportif, dans une montagne tr\u00e8s min\u00e9rale et en altitude d\u00e9s le camp de base; elle n\u00e9cessite donc une bonne condition physique pour en profiter pleinement. <br \/>L\u2019altitude peut cr\u00e9er des d\u00e9sagr\u00e9ments, maux de t\u00eate,<br \/>naus\u00e9e.<\/p><p>Les courses Atlas Quest se distinguent par des itin\u00e9raires en haute altitude \u2013 le d\u00e9part \u00e0 2620m, des cols \u00e0 plus de 3000m (dont un<br \/>\u00e0 pr\u00e9s de 3700m), par une ambiance tr\u00e8s min\u00e9rale, par un environnement tr\u00e8s d\u00e9paysant et \u00e9mouvant.<\/p><p>C\u2019est en \u00e9coutant nos<br \/>coureurs au fil des \u00e9ditions, que nous proposons cette ascension soit comme un atout de plus pour terminer dans de bonnes<br \/>conditions votre course, soit pour jouer les prolongations de la parenth\u00e8se Atlas Quest, soit optimiser votre venue en tant que participant non coureur.<\/p><p>Avant, apr\u00e8s, la magie du sommet au soleil levant op\u00e8rera de la m\u00eame fa\u00e7on, gratifiant chacun isol\u00e9ment , et collectivement.<br \/>Pour entretenir le moment un petit cadeau immortalisera cette exp\u00e9rience.<\/p><p>*<em>Vous pouvez vous inscrire \u00e0 l\u2019exp\u00e9rience Toubkal en m\u00eame temps que vous vous inscrivez \u00e0 une course, en tant que participant non coureur, ou en tant que b\u00e9n\u00e9vole. Si vous \u00eatre d\u00e9j\u00e0<\/em><br \/><em>inscrit, vous pouvez ajouter l\u2019exp\u00e9rience Toubkal depuis votre espace personnel.<\/em><\/p>\t\t\t\t\t\t\t\t<\/div>\n\t\t\t\t<\/div>\n\t\t\t\t<\/div>\n\t\t\t\t<\/div>\n\t\t<div class=\"elementor-element elementor-element-5329a83d e-con-full e-flex e-con e-parent\" data-id=\"5329a83d\" data-element_type=\"container\">\n\t\t<div class=\"elementor-element elementor-element-1a61c543 e-con-full e-flex e-con e-child\" data-id=\"1a61c543\" data-element_type=\"container\">\n\t\t\t\t<div class=\"elementor-element elementor-element-7642a108 elementor-widget elementor-widget-heading\" data-id=\"7642a108\" data-element_type=\"widget\" data-widget_type=\"heading.default\">\n\t\t\t\t<div class=\"elementor-widget-container\">\n\t\t\t\t\t<h3 class=\"elementor-heading-title elementor-size-default\">Programme<\/h3>\t\t\t\t<\/div>\n\t\t\t\t<\/div>\n\t\t\t\t<div class=\"elementor-element elementor-element-1e7cf61a elementor-widget elementor-widget-text-editor\" data-id=\"1e7cf61a\" data-element_type=\"widget\" data-widget_type=\"text-editor.default\">\n\t\t\t\t<div class=\"elementor-widget-container\">\n\t\t\t\t\t\t\t\t\t<p><strong>Notre pack \u00e0\u00a0 330\u20ac\u00a0 (290\u20ac  pour les b\u00e9n\u00e9voles et pour les groupes \u00e0 partir de 10 personnes) inclut :<\/strong><\/p><ul><li><strong>Jour 1 :<\/strong> la rencontre avec le guide francophone et un b\u00e9n\u00e9vole soignant pour plusieurs groupes, la navette pour arriver \u00e0 Imlil (la version berb\u00e8re de<br \/>Chamonix) le d\u00eener + nuit en auberge<\/li><li><strong>Jour 2 :<\/strong> petit-d\u00e9jeuner, d\u00e9jeuner, d\u00eener + nuit en bivouac sous tente au camp de base Neltner.<\/li><li><strong>Jour 3 :<\/strong> petit-d\u00e9jeuner matinal, le d\u00e9jeuner au camp de base en redescendant et la navette pour aller soit \u00e0 Marrakech soit \u00e0 Oukaimeden.<\/li><\/ul><p><strong>Ne sont pas inclus<\/strong> : le d\u00e9jeuner du J1 et le d\u00eener du J3, l\u2019eau, les boissons et les pourboires d\u2019usage (en moyenne 15 euros\/personne pour ces 2 jours et demi)<\/p><ul><li style=\"list-style-type: none;\"><ul><li><strong>Jour 1,<\/strong> vous arriverez avec une navette dont l\u2019horaire vous sera communiqu\u00e9 ult\u00e9rieurement (environ 1h30 Marrakech-Imlil et plus de 2h00<br \/>Oukaimeden-Imlil \u2013travaux d\u2019am\u00e9nagement des routes en cours). Pendant le savoureux d\u00eener, vous aurez le premier brief de votre guide.<\/li><\/ul><\/li><\/ul><ul><li style=\"list-style-type: none;\"><ul><li><strong>Jour 2,<\/strong> vous laisserez vos sacs de voyage en s\u00e9curit\u00e9 \u00e0 l\u2019auberge et vous ne prendrez que le n\u00e9cessaire dans votre sac \u00e0 dos (voir fiche technique). Vous<br \/>ferez la connaissance de l\u2019\u00e9quipe, des muletiers et des mules au moment du d\u00e9part. Le trek vous fait d\u2019abord traverser des jardins, des vergers et assez rapidement<br \/>emprunter un sentier muletier fr\u00e9quent\u00e9 par les p\u00e8lerins de Sidi Chamharouch, marabout nich\u00e9 sous un rocher blanc. Une pause fruits secs vous sera<br \/>propos\u00e9e, vous pourrez acheter une boisson fraiche ou un th\u00e9 et profiter des toilettes. Puis vous reprendrez le sentier vers le camp de base Neltner<br \/>pour installer le bivouac tous ensemble, boire le th\u00e9 , profiter des lieux et t\u00f4t en soir\u00e9e partager un repas convivial servi dans les grandes tentes, sous un ciel dont les \u00e9toiles vous paraitront si nombreuses et si proches \u2026<\/li><\/ul><\/li><\/ul><ul><li><strong>Jour 3<\/strong>, r\u00e9veil tr\u00e8s matinal ! All\u00e9g\u00e9s des sacs de couchage et autres accessoires que vous laisserez au bivouac, vous partez motiv\u00e9s sur un sentier pentu<br \/>et rocailleux pour atteindre le sommet au soleil levant, vos frontales dessinant des serpentins plus ou moins longs vers l\u2019objectif. Vous aurez tout le loisir<br \/>d\u2019appr\u00e9cier le toit de l\u2019Atlas (si la m\u00e9t\u00e9o le permet). Les premiers, solidaires, attendront les moins rapides pour une jolie photo de groupe. N\u00e9anmoins, il<br \/>ne faut pas n\u00e9gliger les descentes et conserver un bon rythme . Arriv\u00e9s au camp de base, un d\u00e9jeuner bien m\u00e9rit\u00e9 vous donnera de l\u2019\u00e9nergie pour la<br \/>longue descente jusqu\u2019\u00e0 Imlil. A l\u2019auberge, vous retrouverez vos sacs de voyage avant de prendre les navettes soit pour Oukaimeden car l\u2019aventure<br \/>continue, soit pour Marrakech, car c\u2019\u00e9tait le point d\u2019orgue de votre s\u00e9jour. (Attention cette navette n\u2019a pas d\u2019heure fixe assur\u00e9e car elle d\u00e9pend de la<br \/>descente du groupe dont le rythme peut \u00eatre al\u00e9atoire. Il est prudent de prendre son vol tard en soir\u00e9e ou de le pr\u00e9voir le lendemain.<\/li><\/ul><p><em>Vous pouvez acheter l\u2019option Toubkal, une fois votre course ou votre choix de participation sans course dans le panier.<br \/><\/em><\/p>\t\t\t\t\t\t\t\t<\/div>\n\t\t\t\t<\/div>\n\t\t\t\t<\/div>\n\t\t<div class=\"elementor-element elementor-element-12725fcc e-con-full elementor-hidden-mobile e-flex e-con e-child\" data-id=\"12725fcc\" data-element_type=\"container\">\n\t\t\t\t<div class=\"elementor-element elementor-element-1cd9a14b elementor-widget elementor-widget-image\" data-id=\"1cd9a14b\" data-element_type=\"widget\" data-widget_type=\"image.default\">\n\t\t\t\t<div class=\"elementor-widget-container\">\n\t\t\t\t\t\t\t\t\t\t\t\t\t\t\t<img decoding=\"async\" width=\"750\" height=\"1000\" src=\"https:\/\/trail-atlasquest.com\/wp-content\/uploads\/2024\/11\/@maurinecallot-.jpg\" class=\"attachment-2048x2048 size-2048x2048 wp-image-39639\" alt=\"\" srcset=\"https:\/\/trail-atlasquest.com\/wp-content\/uploads\/2024\/11\/@maurinecallot-.jpg 750w, https:\/\/trail-atlasquest.com\/wp-content\/uploads\/2024\/11\/@maurinecallot--225x300.jpg 225w, https:\/\/trail-atlasquest.com\/wp-content\/uploads\/2024\/11\/@maurinecallot--600x800.jpg 600w\" sizes=\"(max-width: 750px) 100vw, 750px\" \/>\t\t\t\t\t\t\t\t\t\t\t\t\t\t\t<\/div>\n\t\t\t\t<\/div>\n\t\t\t\t<div class=\"elementor-element elementor-element-d2d2c87 elementor-widget elementor-widget-heading\" data-id=\"d2d2c87\" data-element_type=\"widget\" data-widget_type=\"heading.default\">\n\t\t\t\t<div class=\"elementor-widget-container\">\n\t\t\t\t\t<p class=\"elementor-heading-title elementor-size-default\">Martjin G.<\/p>\t\t\t\t<\/div>\n\t\t\t\t<\/div>\n\t\t\t\t<\/div>\n\t\t\t\t<\/div>\n\t\t\t\t<\/div>\n\t\t","protected":false},"excerpt":{"rendered":"<p>Sur le toit de l&rsquo;Atlas 3 jours de trek pour devenir Summiter* Avant les courses : du lundi 29 septembre 2025 au mercredi 1er octobre 2025. Apr\u00e8s les courses : du lundi 6 octobre 2025 au mercredi 8 octobre 2025 R\u00e9my L Avant ou apr\u00e8s les courses Atlas Quest, participant non coureur ou b\u00e9n\u00e9vole, d\u00e9couvrez [&hellip;]<\/p>\n","protected":false},"author":49,"featured_media":0,"parent":0,"menu_order":0,"comment_status":"closed","ping_status":"closed","template":"","meta":{"_acf_changed":false,"_mo_disable_npp":"","site-sidebar-layout":"no-sidebar","site-content-layout":"","ast-site-content-layout":"full-width-container","site-content-style":"default","site-sidebar-style":"default","ast-global-header-display":"","ast-banner-title-visibility":"","ast-main-header-display":"","ast-hfb-above-header-display":"","ast-hfb-below-header-display":"","ast-hfb-mobile-header-display":"","site-post-title":"disabled","ast-breadcrumbs-content":"","ast-featured-img":"disabled","footer-sml-layout":"","theme-transparent-header-meta":"","adv-header-id-meta":"","stick-header-meta":"","header-above-stick-meta":"","header-main-stick-meta":"","header-below-stick-meta":"","astra-migrate-meta-layouts":"default","ast-page-background-enabled":"default","ast-page-background-meta":{"desktop":{"background-color":"var(--ast-global-color-4)","background-image":"","background-repeat":"repeat","background-position":"center center","background-size":"auto","background-attachment":"scroll","background-type":"","background-media":"","overlay-type":"","overlay-color":"","overlay-opacity":"","overlay-gradient":""},"tablet":{"background-color":"","background-image":"","background-repeat":"repeat","background-position":"center center","background-size":"auto","background-attachment":"scroll","background-type":"","background-media":"","overlay-type":"","overlay-color":"","overlay-opacity":"","overlay-gradient":""},"mobile":{"background-color":"","background-image":"","background-repeat":"repeat","background-position":"center center","background-size":"auto","background-attachment":"scroll","background-type":"","background-media":"","overlay-type":"","overlay-color":"","overlay-opacity":"","overlay-gradient":""}},"ast-content-background-meta":{"desktop":{"background-color":"var(--ast-global-color-5)","background-image":"","background-repeat":"repeat","background-position":"center center","background-size":"auto","background-attachment":"scroll","background-type":"","background-media":"","overlay-type":"","overlay-color":"","overlay-opacity":"","overlay-gradient":""},"tablet":{"background-color":"var(--ast-global-color-5)","background-image":"","background-repeat":"repeat","background-position":"center center","background-size":"auto","background-attachment":"scroll","background-type":"","background-media":"","overlay-type":"","overlay-color":"","overlay-opacity":"","overlay-gradient":""},"mobile":{"background-color":"var(--ast-global-color-5)","background-image":"","background-repeat":"repeat","background-position":"center center","background-size":"auto","background-attachment":"scroll","background-type":"","background-media":"","overlay-type":"","overlay-color":"","overlay-opacity":"","overlay-gradient":""}},"footnotes":""},"class_list":["post-39607","page","type-page","status-publish","hentry"],"acf":[],"yoast_head":"<!-- This site is optimized with the Yoast SEO plugin v23.8 - https:\/\/yoast.com\/wordpress\/plugins\/seo\/ -->\n<title>sur le toit de l atlas | Atlas Quest | Ultra Trail Atlas Toubkal \u00ae<\/title>\n<meta name=\"description\" content=\"Avec Atlas Quest, d\u00e9couvrez le plus haut sommet d&#039;Afrique du Nord, le Djbel Toubkal, 4167m. Avant ou apr\u00e8s la course, un 4000m en mode randonn\u00e9es\" \/>\n<meta name=\"robots\" content=\"index, follow, max-snippet:-1, max-image-preview:large, max-video-preview:-1\" \/>\n<link rel=\"canonical\" href=\"https:\/\/trail-atlasquest.com\/fr\/sur-le-toit-de-l-atlas\/\" \/>\n<meta property=\"og:locale\" content=\"fr_FR\" \/>\n<meta property=\"og:type\" content=\"article\" \/>\n<meta property=\"og:title\" content=\"sur le toit de l atlas | Atlas Quest | Ultra Trail Atlas Toubkal \u00ae\" \/>\n<meta property=\"og:description\" content=\"Avec Atlas Quest, d\u00e9couvrez le plus haut sommet d&#039;Afrique du Nord, le Djbel Toubkal, 4167m. Avant ou apr\u00e8s la course, un 4000m en mode randonn\u00e9es\" \/>\n<meta property=\"og:url\" content=\"https:\/\/trail-atlasquest.com\/fr\/sur-le-toit-de-l-atlas\/\" \/>\n<meta property=\"og:site_name\" content=\"Atlas Quest | Ultra Trail Atlas Toubkal \u00ae\" \/>\n<meta property=\"article:publisher\" content=\"https:\/\/www.facebook.com\/UTATofficielle\/\" \/>\n<meta property=\"article:modified_time\" content=\"2024-11-04T13:13:50+00:00\" \/>\n<meta property=\"og:image\" content=\"https:\/\/trail-atlasquest.com\/wp-content\/uploads\/2024\/11\/@maurinecallot-27.jpg\" \/>\n\t<meta property=\"og:image:width\" content=\"750\" \/>\n\t<meta property=\"og:image:height\" content=\"1000\" \/>\n\t<meta property=\"og:image:type\" content=\"image\/jpeg\" \/>\n<meta name=\"twitter:card\" content=\"summary_large_image\" \/>\n<meta name=\"twitter:label1\" content=\"Dur\u00e9e de lecture estim\u00e9e\" \/>\n\t<meta name=\"twitter:data1\" content=\"5 minutes\" \/>\n<script type=\"application\/ld+json\" class=\"yoast-schema-graph\">{\"@context\":\"https:\/\/schema.org\",\"@graph\":[{\"@type\":\"WebPage\",\"@id\":\"https:\/\/trail-atlasquest.com\/fr\/sur-le-toit-de-l-atlas\/\",\"url\":\"https:\/\/trail-atlasquest.com\/fr\/sur-le-toit-de-l-atlas\/\",\"name\":\"sur le toit de l atlas | Atlas Quest | Ultra Trail Atlas Toubkal \u00ae\",\"isPartOf\":{\"@id\":\"https:\/\/trail-atlasquest.com\/#website\"},\"primaryImageOfPage\":{\"@id\":\"https:\/\/trail-atlasquest.com\/fr\/sur-le-toit-de-l-atlas\/#primaryimage\"},\"image\":{\"@id\":\"https:\/\/trail-atlasquest.com\/fr\/sur-le-toit-de-l-atlas\/#primaryimage\"},\"thumbnailUrl\":\"https:\/\/trail-atlasquest.com\/wp-content\/uploads\/2024\/11\/@maurinecallot-27.jpg\",\"datePublished\":\"2024-10-31T20:09:00+00:00\",\"dateModified\":\"2024-11-04T13:13:50+00:00\",\"description\":\"Avec Atlas Quest, d\u00e9couvrez le plus haut sommet d'Afrique du Nord, le Djbel Toubkal, 4167m. Avant ou apr\u00e8s la course, un 4000m en mode randonn\u00e9es\",\"breadcrumb\":{\"@id\":\"https:\/\/trail-atlasquest.com\/fr\/sur-le-toit-de-l-atlas\/#breadcrumb\"},\"inLanguage\":\"fr-FR\",\"potentialAction\":[{\"@type\":\"ReadAction\",\"target\":[\"https:\/\/trail-atlasquest.com\/fr\/sur-le-toit-de-l-atlas\/\"]}]},{\"@type\":\"ImageObject\",\"inLanguage\":\"fr-FR\",\"@id\":\"https:\/\/trail-atlasquest.com\/fr\/sur-le-toit-de-l-atlas\/#primaryimage\",\"url\":\"https:\/\/trail-atlasquest.com\/wp-content\/uploads\/2024\/11\/@maurinecallot-27.jpg\",\"contentUrl\":\"https:\/\/trail-atlasquest.com\/wp-content\/uploads\/2024\/11\/@maurinecallot-27.jpg\"},{\"@type\":\"BreadcrumbList\",\"@id\":\"https:\/\/trail-atlasquest.com\/fr\/sur-le-toit-de-l-atlas\/#breadcrumb\",\"itemListElement\":[{\"@type\":\"ListItem\",\"position\":1,\"name\":\"Accueil\",\"item\":\"https:\/\/trail-atlasquest.com\/fr\/accueil\/\"},{\"@type\":\"ListItem\",\"position\":2,\"name\":\"sur le toit de l atlas\"}]},{\"@type\":\"WebSite\",\"@id\":\"https:\/\/trail-atlasquest.com\/#website\",\"url\":\"https:\/\/trail-atlasquest.com\/\",\"name\":\"Atlas Quest | Ultra Trail Atlas Toubkal \u00ae\",\"description\":\"Find Your Breath in the Atlas\",\"publisher\":{\"@id\":\"https:\/\/trail-atlasquest.com\/#organization\"},\"potentialAction\":[{\"@type\":\"SearchAction\",\"target\":{\"@type\":\"EntryPoint\",\"urlTemplate\":\"https:\/\/trail-atlasquest.com\/?s={search_term_string}\"},\"query-input\":{\"@type\":\"PropertyValueSpecification\",\"valueRequired\":true,\"valueName\":\"search_term_string\"}}],\"inLanguage\":\"fr-FR\"},{\"@type\":\"Organization\",\"@id\":\"https:\/\/trail-atlasquest.com\/#organization\",\"name\":\"Association Sport Nature D\u00e9veloppement\",\"alternateName\":\"ASND\",\"url\":\"https:\/\/trail-atlasquest.com\/\",\"logo\":{\"@type\":\"ImageObject\",\"inLanguage\":\"fr-FR\",\"@id\":\"https:\/\/trail-atlasquest.com\/#\/schema\/logo\/image\/\",\"url\":\"https:\/\/trail-atlasquest.com\/wp-content\/uploads\/2023\/11\/Logo-AQ-CMJN-PNG1.png\",\"contentUrl\":\"https:\/\/trail-atlasquest.com\/wp-content\/uploads\/2023\/11\/Logo-AQ-CMJN-PNG1.png\",\"width\":1928,\"height\":756,\"caption\":\"Association Sport Nature D\u00e9veloppement\"},\"image\":{\"@id\":\"https:\/\/trail-atlasquest.com\/#\/schema\/logo\/image\/\"},\"sameAs\":[\"https:\/\/www.facebook.com\/UTATofficielle\/\",\"https:\/\/www.instagram.com\/atlas_quest_ultratrail\/\",\"https:\/\/www.youtube.com\/@UltraTrailAtlasToubkal\"]}]}<\/script>\n<!-- \/ Yoast SEO plugin. -->","yoast_head_json":{"title":"sur le toit de l atlas | Atlas Quest | Ultra Trail Atlas Toubkal \u00ae","description":"Avec Atlas Quest, d\u00e9couvrez le plus haut sommet d'Afrique du Nord, le Djbel Toubkal, 4167m. Avant ou apr\u00e8s la course, un 4000m en mode randonn\u00e9es","robots":{"index":"index","follow":"follow","max-snippet":"max-snippet:-1","max-image-preview":"max-image-preview:large","max-video-preview":"max-video-preview:-1"},"canonical":"https:\/\/trail-atlasquest.com\/fr\/sur-le-toit-de-l-atlas\/","og_locale":"fr_FR","og_type":"article","og_title":"sur le toit de l atlas | Atlas Quest | Ultra Trail Atlas Toubkal \u00ae","og_description":"Avec Atlas Quest, d\u00e9couvrez le plus haut sommet d'Afrique du Nord, le Djbel Toubkal, 4167m. Avant ou apr\u00e8s la course, un 4000m en mode randonn\u00e9es","og_url":"https:\/\/trail-atlasquest.com\/fr\/sur-le-toit-de-l-atlas\/","og_site_name":"Atlas Quest | Ultra Trail Atlas Toubkal \u00ae","article_publisher":"https:\/\/www.facebook.com\/UTATofficielle\/","article_modified_time":"2024-11-04T13:13:50+00:00","og_image":[{"width":750,"height":1000,"url":"https:\/\/trail-atlasquest.com\/wp-content\/uploads\/2024\/11\/@maurinecallot-27.jpg","type":"image\/jpeg"}],"twitter_card":"summary_large_image","twitter_misc":{"Dur\u00e9e de lecture estim\u00e9e":"5 minutes"},"schema":{"@context":"https:\/\/schema.org","@graph":[{"@type":"WebPage","@id":"https:\/\/trail-atlasquest.com\/fr\/sur-le-toit-de-l-atlas\/","url":"https:\/\/trail-atlasquest.com\/fr\/sur-le-toit-de-l-atlas\/","name":"sur le toit de l atlas | Atlas Quest | Ultra Trail Atlas Toubkal \u00ae","isPartOf":{"@id":"https:\/\/trail-atlasquest.com\/#website"},"primaryImageOfPage":{"@id":"https:\/\/trail-atlasquest.com\/fr\/sur-le-toit-de-l-atlas\/#primaryimage"},"image":{"@id":"https:\/\/trail-atlasquest.com\/fr\/sur-le-toit-de-l-atlas\/#primaryimage"},"thumbnailUrl":"https:\/\/trail-atlasquest.com\/wp-content\/uploads\/2024\/11\/@maurinecallot-27.jpg","datePublished":"2024-10-31T20:09:00+00:00","dateModified":"2024-11-04T13:13:50+00:00","description":"Avec Atlas Quest, d\u00e9couvrez le plus haut sommet d'Afrique du Nord, le Djbel Toubkal, 4167m. Avant ou apr\u00e8s la course, un 4000m en mode randonn\u00e9es","breadcrumb":{"@id":"https:\/\/trail-atlasquest.com\/fr\/sur-le-toit-de-l-atlas\/#breadcrumb"},"inLanguage":"fr-FR","potentialAction":[{"@type":"ReadAction","target":["https:\/\/trail-atlasquest.com\/fr\/sur-le-toit-de-l-atlas\/"]}]},{"@type":"ImageObject","inLanguage":"fr-FR","@id":"https:\/\/trail-atlasquest.com\/fr\/sur-le-toit-de-l-atlas\/#primaryimage","url":"https:\/\/trail-atlasquest.com\/wp-content\/uploads\/2024\/11\/@maurinecallot-27.jpg","contentUrl":"https:\/\/trail-atlasquest.com\/wp-content\/uploads\/2024\/11\/@maurinecallot-27.jpg"},{"@type":"BreadcrumbList","@id":"https:\/\/trail-atlasquest.com\/fr\/sur-le-toit-de-l-atlas\/#breadcrumb","itemListElement":[{"@type":"ListItem","position":1,"name":"Accueil","item":"https:\/\/trail-atlasquest.com\/fr\/accueil\/"},{"@type":"ListItem","position":2,"name":"sur le toit de l atlas"}]},{"@type":"WebSite","@id":"https:\/\/trail-atlasquest.com\/#website","url":"https:\/\/trail-atlasquest.com\/","name":"Atlas Quest | Ultra Trail Atlas Toubkal \u00ae","description":"Find Your Breath in the Atlas","publisher":{"@id":"https:\/\/trail-atlasquest.com\/#organization"},"potentialAction":[{"@type":"SearchAction","target":{"@type":"EntryPoint","urlTemplate":"https:\/\/trail-atlasquest.com\/?s={search_term_string}"},"query-input":{"@type":"PropertyValueSpecification","valueRequired":true,"valueName":"search_term_string"}}],"inLanguage":"fr-FR"},{"@type":"Organization","@id":"https:\/\/trail-atlasquest.com\/#organization","name":"Association Sport Nature D\u00e9veloppement","alternateName":"ASND","url":"https:\/\/trail-atlasquest.com\/","logo":{"@type":"ImageObject","inLanguage":"fr-FR","@id":"https:\/\/trail-atlasquest.com\/#\/schema\/logo\/image\/","url":"https:\/\/trail-atlasquest.com\/wp-content\/uploads\/2023\/11\/Logo-AQ-CMJN-PNG1.png","contentUrl":"https:\/\/trail-atlasquest.com\/wp-content\/uploads\/2023\/11\/Logo-AQ-CMJN-PNG1.png","width":1928,"height":756,"caption":"Association Sport Nature D\u00e9veloppement"},"image":{"@id":"https:\/\/trail-atlasquest.com\/#\/schema\/logo\/image\/"},"sameAs":["https:\/\/www.facebook.com\/UTATofficielle\/","https:\/\/www.instagram.com\/atlas_quest_ultratrail\/","https:\/\/www.youtube.com\/@UltraTrailAtlasToubkal"]}]}},"_links":{"self":[{"href":"https:\/\/trail-atlasquest.com\/fr\/wp-json\/wp\/v2\/pages\/39607","targetHints":{"allow":["GET"]}}],"collection":[{"href":"https:\/\/trail-atlasquest.com\/fr\/wp-json\/wp\/v2\/pages"}],"about":[{"href":"https:\/\/trail-atlasquest.com\/fr\/wp-json\/wp\/v2\/types\/page"}],"author":[{"embeddable":true,"href":"https:\/\/trail-atlasquest.com\/fr\/wp-json\/wp\/v2\/users\/49"}],"replies":[{"embeddable":true,"href":"https:\/\/trail-atlasquest.com\/fr\/wp-json\/wp\/v2\/comments?post=39607"}],"version-history":[{"count":41,"href":"https:\/\/trail-atlasquest.com\/fr\/wp-json\/wp\/v2\/pages\/39607\/revisions"}],"predecessor-version":[{"id":39773,"href":"https:\/\/trail-atlasquest.com\/fr\/wp-json\/wp\/v2\/pages\/39607\/revisions\/39773"}],"wp:attachment":[{"href":"https:\/\/trail-atlasquest.com\/fr\/wp-json\/wp\/v2\/media?parent=39607"}],"curies":[{"name":"wp","href":"https:\/\/api.w.org\/{rel}","templated":true}]}}