{"id":39549,"date":"2024-10-31T07:42:57","date_gmt":"2024-10-31T06:42:57","guid":{"rendered":"https:\/\/trail-atlasquest.com\/accompagnant\/"},"modified":"2025-06-02T13:38:37","modified_gmt":"2025-06-02T11:38:37","slug":"accompagnant","status":"publish","type":"page","link":"https:\/\/trail-atlasquest.com\/fr\/accompagnant\/","title":{"rendered":"Accompagnant"},"content":{"rendered":"\t\t<div data-elementor-type=\"wp-page\" data-elementor-id=\"39549\" class=\"elementor elementor-39549 elementor-39537\" data-elementor-post-type=\"page\">\n\t\t\t\t<div class=\"elementor-element elementor-element-4541f805 e-con-full e-flex e-con e-parent\" data-id=\"4541f805\" data-element_type=\"container\" data-settings=\"{&quot;background_background&quot;:&quot;classic&quot;}\">\n\t\t<div class=\"elementor-element elementor-element-327795d0 e-con-full e-flex e-con e-child\" data-id=\"327795d0\" data-element_type=\"container\" data-settings=\"{&quot;background_background&quot;:&quot;classic&quot;}\">\n\t\t\t\t<div class=\"elementor-element elementor-element-6d2f48da elementor-widget elementor-widget-heading\" data-id=\"6d2f48da\" data-element_type=\"widget\" data-widget_type=\"heading.default\">\n\t\t\t\t<div class=\"elementor-widget-container\">\n\t\t\t\t\t<h1 class=\"elementor-heading-title elementor-size-default\">\u00caTRE UN PARTICIPANT NON COUREUR<\/h1>\t\t\t\t<\/div>\n\t\t\t\t<\/div>\n\t\t\t\t<\/div>\n\t\t\t\t<\/div>\n\t\t<div class=\"elementor-element elementor-element-68d85a3d e-con-full e-flex e-con e-parent\" data-id=\"68d85a3d\" data-element_type=\"container\">\n\t\t\t\t<div class=\"elementor-element elementor-element-614ffbf5 elementor-widget elementor-widget-heading\" data-id=\"614ffbf5\" data-element_type=\"widget\" data-widget_type=\"heading.default\">\n\t\t\t\t<div class=\"elementor-widget-container\">\n\t\t\t\t\t<h2 class=\"elementor-heading-title elementor-size-default\">Que diriez-vous de participer \u00e0 l'aventure Atlas Quest en tant que spectateur privil\u00e9gi\u00e9 ?<\/h2>\t\t\t\t<\/div>\n\t\t\t\t<\/div>\n\t\t\t\t<div class=\"elementor-element elementor-element-53dd2d56 elementor-widget__width-initial elementor-widget elementor-widget-text-editor\" data-id=\"53dd2d56\" data-element_type=\"widget\" data-widget_type=\"text-editor.default\">\n\t\t\t\t<div class=\"elementor-widget-container\">\n\t\t\t\t\t\t\t\t\t<p>Venez vivre cet \u00e9v\u00e9nement unique aux c\u00f4t\u00e9s des coureurs, ou accompagnez un groupe et plongez dans l&rsquo;ambiance exaltante de l&rsquo;Atlas Quest ! Saisissez l&rsquo;opportunit\u00e9 de profiter de toutes les exp\u00e9riences propos\u00e9es et, si vous \u00eates pr\u00eat, pourquoi ne pas relever le d\u00e9fi de l&rsquo;ascension du Mont Toubkal ? En tant que participant non coureur, vous serez aux premi\u00e8res loges pour savourer chaque instant : des pr\u00e9paratifs aux d\u00e9parts palpitants en passant par les arriv\u00e9es triomphales. Vous serez au c\u0153ur de l&rsquo;action, aux c\u00f4t\u00e9s des coureurs et de l&rsquo;\u00e9quipe, pour cr\u00e9er des souvenirs inoubliables.   <\/p><p>Vous aurez \u00e9galement l&rsquo;occasion de d\u00e9couvrir la riche culture berb\u00e8re au c\u0153ur de la r\u00e9gion d&rsquo;Al Haouz ! Profitez de journ\u00e9es immersives pour d\u00e9couvrir l&rsquo;histoire et la vie quotidienne des habitants : visitez un village authentique nich\u00e9 dans un environnement luxuriant, explorez un site fascinant de peintures rupestres anciennes, et laissez-vous guider \u00e0 travers les paysages min\u00e9raux du parc national du Toubkal. Chaque exp\u00e9rience est une invitation \u00e0 vivre des moments riches de sens, de d\u00e9couverte et de connexion.  <\/p><p>Envie de libert\u00e9 et d&rsquo;aventure ? Partez en solo \u00e0 la d\u00e9couverte du majestueux plateau de l&rsquo;Ouka\u00efmeden, \u00e0 pied ou en e-MTB (v\u00e9lo de montagne \u00e9lectrique). Relevez le d\u00e9fi des cols environnants et profitez de panoramas \u00e0 couper le souffle.  <\/p><p>Que vous soyez un passionn\u00e9 de photographie ou que vous aimiez simplement capturer des moments sur votre smartphone, pr\u00e9parez-vous \u00e0 prendre des clich\u00e9s inoubliables ! \u00c0 chaque instant, vous trouverez l&rsquo;occasion de capturer des instants de vie et des paysages \u00e9poustouflants qui t\u00e9moigneront de cette aventure unique. Laissez-vous inspirer par chaque d\u00e9tail et ramenez chez vous des images qui garderont l&rsquo;\u00e9motion de cette exp\u00e9rience extraordinaire.  <\/p><p>Le soir, retrouvez l&rsquo;ambiance chaleureuse du camp de base, propice aux \u00e9changes et \u00e0 la rencontre de nouveaux amis. Sous un magnifique ciel \u00e9toil\u00e9, au c\u0153ur du Haut Atlas, laissez-vous emporter par la magie du moment. Vous vous endormirez avec des images vivantes en t\u00eate, d\u00e9j\u00e0 impatient d&rsquo;affronter la journ\u00e9e \u00e0 venir.  <\/p>\t\t\t\t\t\t\t\t<\/div>\n\t\t\t\t<\/div>\n\t\t\t\t<\/div>\n\t\t<div class=\"elementor-element elementor-element-1ec72bb7 e-con-full e-flex e-con e-parent\" data-id=\"1ec72bb7\" data-element_type=\"container\">\n\t\t<div class=\"elementor-element elementor-element-3bd3291c e-con-full e-flex e-con e-child\" data-id=\"3bd3291c\" data-element_type=\"container\">\n\t\t<div class=\"elementor-element elementor-element-e989fd1 e-con-full e-flex e-con e-child\" data-id=\"e989fd1\" data-element_type=\"container\">\n\t\t<div class=\"elementor-element elementor-element-2369434 e-con-full e-flex e-con e-child\" data-id=\"2369434\" data-element_type=\"container\">\n\t\t\t\t<div class=\"elementor-element elementor-element-c59f749 elementor-widget elementor-widget-heading\" data-id=\"c59f749\" data-element_type=\"widget\" data-widget_type=\"heading.default\">\n\t\t\t\t<div class=\"elementor-widget-container\">\n\t\t\t\t\t<p class=\"elementor-heading-title elementor-size-default\">Participant non coureur<\/p>\t\t\t\t<\/div>\n\t\t\t\t<\/div>\n\t\t\t\t<div class=\"elementor-element elementor-element-66366a7 elementor-widget elementor-widget-toggle\" data-id=\"66366a7\" data-element_type=\"widget\" data-widget_type=\"toggle.default\">\n\t\t\t\t<div class=\"elementor-widget-container\">\n\t\t\t\t\t\t\t<div class=\"elementor-toggle\">\n\t\t\t\t\t\t\t<div class=\"elementor-toggle-item\">\n\t\t\t\t\t<div id=\"elementor-tab-title-1071\" class=\"elementor-tab-title\" data-tab=\"1\" role=\"button\" aria-controls=\"elementor-tab-content-1071\" aria-expanded=\"false\">\n\t\t\t\t\t\t\t\t\t\t\t\t<a class=\"elementor-toggle-title\" tabindex=\"0\">VOIR PLUS<\/a>\n\t\t\t\t\t<\/div>\n\n\t\t\t\t\t<div id=\"elementor-tab-content-1071\" class=\"elementor-tab-content elementor-clearfix\" data-tab=\"1\" role=\"region\" aria-labelledby=\"elementor-tab-title-1071\"><\/div>\n\t\t\t\t<\/div>\n\t\t\t\t\t\t\t\t<\/div>\n\t\t\t\t\t\t<\/div>\n\t\t\t\t<\/div>\n\t\t\t\t<\/div>\n\t\t<div class=\"elementor-element elementor-element-5cca423 e-con-full e-flex e-con e-child\" data-id=\"5cca423\" data-element_type=\"container\">\n\t\t\t\t<div class=\"elementor-element elementor-element-f68cc30 elementor-widget__width-inherit show-participant-modal elementor-widget elementor-widget-button\" data-id=\"f68cc30\" data-element_type=\"widget\" data-widget_type=\"button.default\">\n\t\t\t\t<div class=\"elementor-widget-container\">\n\t\t\t\t\t\t\t\t\t<div class=\"elementor-button-wrapper\">\n\t\t\t\t\t<a class=\"elementor-button elementor-button-link elementor-size-md\" href=\"https:\/\/trail-atlasquest.com\/fr\/?add-to-cart=35039&#038;quantity=1&#038;e-redirect=https:\/\/trail-atlasquest.com\/cart-validation\/\">\n\t\t\t\t\t\t<span class=\"elementor-button-content-wrapper\">\n\t\t\t\t\t\t\t\t\t<span class=\"elementor-button-text\">S'INSCRIRE<\/span>\n\t\t\t\t\t<\/span>\n\t\t\t\t\t<\/a>\n\t\t\t\t<\/div>\n\t\t\t\t\t\t\t\t<\/div>\n\t\t\t\t<\/div>\n\t\t\t\t<\/div>\n\t\t\t\t<\/div>\n\t\t\t\t<\/div>\n\t\t<div class=\"elementor-element elementor-element-76705ed6 e-con-full elementor-hidden-mobile e-flex e-con e-child\" data-id=\"76705ed6\" data-element_type=\"container\">\n\t\t\t\t<div class=\"elementor-element elementor-element-6b05c60 elementor-widget elementor-widget-image\" data-id=\"6b05c60\" data-element_type=\"widget\" data-widget_type=\"image.default\">\n\t\t\t\t<div class=\"elementor-widget-container\">\n\t\t\t\t\t\t\t\t\t\t\t\t\t\t\t<img fetchpriority=\"high\" decoding=\"async\" width=\"1824\" height=\"1368\" src=\"https:\/\/trail-atlasquest.com\/wp-content\/uploads\/2024\/04\/IMG-20230411-WA0006.jpg\" class=\"attachment-2048x2048 size-2048x2048 wp-image-34838\" alt=\"\" srcset=\"https:\/\/trail-atlasquest.com\/wp-content\/uploads\/2024\/04\/IMG-20230411-WA0006.jpg 1824w, https:\/\/trail-atlasquest.com\/wp-content\/uploads\/2024\/04\/IMG-20230411-WA0006-300x225.jpg 300w, https:\/\/trail-atlasquest.com\/wp-content\/uploads\/2024\/04\/IMG-20230411-WA0006-1024x768.jpg 1024w, https:\/\/trail-atlasquest.com\/wp-content\/uploads\/2024\/04\/IMG-20230411-WA0006-768x576.jpg 768w, https:\/\/trail-atlasquest.com\/wp-content\/uploads\/2024\/04\/IMG-20230411-WA0006-1536x1152.jpg 1536w, https:\/\/trail-atlasquest.com\/wp-content\/uploads\/2024\/04\/IMG-20230411-WA0006-600x450.jpg 600w\" sizes=\"(max-width: 1824px) 100vw, 1824px\" \/>\t\t\t\t\t\t\t\t\t\t\t\t\t\t\t<\/div>\n\t\t\t\t<\/div>\n\t\t\t\t<\/div>\n\t\t\t\t<\/div>\n\t\t\t\t<\/div>\n\t\t","protected":false},"excerpt":{"rendered":"<p>\u00caTRE UN PARTICIPANT NON COUREUR Que diriez-vous de participer \u00e0 l&rsquo;aventure Atlas Quest en tant que spectateur privil\u00e9gi\u00e9 ? Venez vivre cet \u00e9v\u00e9nement unique aux c\u00f4t\u00e9s des coureurs, ou accompagnez un groupe et plongez dans l&rsquo;ambiance exaltante de l&rsquo;Atlas Quest ! Saisissez l&rsquo;opportunit\u00e9 de profiter de toutes les exp\u00e9riences propos\u00e9es et, si vous \u00eates pr\u00eat, [&hellip;]<\/p>\n","protected":false},"author":49,"featured_media":0,"parent":0,"menu_order":0,"comment_status":"closed","ping_status":"closed","template":"","meta":{"_acf_changed":false,"_mo_disable_npp":"","site-sidebar-layout":"no-sidebar","site-content-layout":"","ast-site-content-layout":"full-width-container","site-content-style":"default","site-sidebar-style":"default","ast-global-header-display":"","ast-banner-title-visibility":"","ast-main-header-display":"","ast-hfb-above-header-display":"","ast-hfb-below-header-display":"","ast-hfb-mobile-header-display":"","site-post-title":"disabled","ast-breadcrumbs-content":"","ast-featured-img":"disabled","footer-sml-layout":"","theme-transparent-header-meta":"","adv-header-id-meta":"","stick-header-meta":"","header-above-stick-meta":"","header-main-stick-meta":"","header-below-stick-meta":"","astra-migrate-meta-layouts":"default","ast-page-background-enabled":"default","ast-page-background-meta":{"desktop":{"background-color":"var(--ast-global-color-4)","background-image":"","background-repeat":"repeat","background-position":"center center","background-size":"auto","background-attachment":"scroll","background-type":"","background-media":"","overlay-type":"","overlay-color":"","overlay-opacity":"","overlay-gradient":""},"tablet":{"background-color":"","background-image":"","background-repeat":"repeat","background-position":"center center","background-size":"auto","background-attachment":"scroll","background-type":"","background-media":"","overlay-type":"","overlay-color":"","overlay-opacity":"","overlay-gradient":""},"mobile":{"background-color":"","background-image":"","background-repeat":"repeat","background-position":"center center","background-size":"auto","background-attachment":"scroll","background-type":"","background-media":"","overlay-type":"","overlay-color":"","overlay-opacity":"","overlay-gradient":""}},"ast-content-background-meta":{"desktop":{"background-color":"var(--ast-global-color-5)","background-image":"","background-repeat":"repeat","background-position":"center center","background-size":"auto","background-attachment":"scroll","background-type":"","background-media":"","overlay-type":"","overlay-color":"","overlay-opacity":"","overlay-gradient":""},"tablet":{"background-color":"var(--ast-global-color-5)","background-image":"","background-repeat":"repeat","background-position":"center center","background-size":"auto","background-attachment":"scroll","background-type":"","background-media":"","overlay-type":"","overlay-color":"","overlay-opacity":"","overlay-gradient":""},"mobile":{"background-color":"var(--ast-global-color-5)","background-image":"","background-repeat":"repeat","background-position":"center center","background-size":"auto","background-attachment":"scroll","background-type":"","background-media":"","overlay-type":"","overlay-color":"","overlay-opacity":"","overlay-gradient":""}},"footnotes":""},"class_list":["post-39549","page","type-page","status-publish","hentry"],"acf":[],"yoast_head":"<!-- This site is optimized with the Yoast SEO plugin v23.8 - https:\/\/yoast.com\/wordpress\/plugins\/seo\/ -->\n<title>Accompagnant | Atlas Quest | Ultra Trail Atlas Toubkal \u00ae<\/title>\n<meta name=\"description\" content=\"Accompagner Atlas Quest, c&#039;est bien plus qu&#039;\u00eatre un simple spectateur. Il y a tant de choses \u00e0 faire et \u00e0 voir !\" \/>\n<meta name=\"robots\" content=\"index, follow, max-snippet:-1, max-image-preview:large, max-video-preview:-1\" \/>\n<link rel=\"canonical\" href=\"https:\/\/trail-atlasquest.com\/fr\/accompagnant\/\" \/>\n<meta property=\"og:locale\" content=\"fr_FR\" \/>\n<meta property=\"og:type\" content=\"article\" \/>\n<meta property=\"og:title\" content=\"Accompagnant | Atlas Quest | Ultra Trail Atlas Toubkal \u00ae\" \/>\n<meta property=\"og:description\" content=\"Accompagner Atlas Quest, c&#039;est bien plus qu&#039;\u00eatre un simple spectateur. Il y a tant de choses \u00e0 faire et \u00e0 voir !\" \/>\n<meta property=\"og:url\" content=\"https:\/\/trail-atlasquest.com\/fr\/accompagnant\/\" \/>\n<meta property=\"og:site_name\" content=\"Atlas Quest | Ultra Trail Atlas Toubkal \u00ae\" \/>\n<meta property=\"article:publisher\" content=\"https:\/\/www.facebook.com\/UTATofficielle\/\" \/>\n<meta property=\"article:modified_time\" content=\"2025-06-02T11:38:37+00:00\" \/>\n<meta property=\"og:image\" content=\"https:\/\/trail-atlasquest.com\/wp-content\/uploads\/2024\/04\/IMG-20230411-WA0006.jpg\" \/>\n\t<meta property=\"og:image:width\" content=\"1824\" \/>\n\t<meta property=\"og:image:height\" content=\"1368\" \/>\n\t<meta property=\"og:image:type\" content=\"image\/jpeg\" \/>\n<meta name=\"twitter:card\" content=\"summary_large_image\" \/>\n<meta name=\"twitter:label1\" content=\"Dur\u00e9e de lecture estim\u00e9e\" \/>\n\t<meta name=\"twitter:data1\" content=\"2 minutes\" \/>\n<script type=\"application\/ld+json\" class=\"yoast-schema-graph\">{\"@context\":\"https:\/\/schema.org\",\"@graph\":[{\"@type\":\"WebPage\",\"@id\":\"https:\/\/trail-atlasquest.com\/fr\/accompagnant\/\",\"url\":\"https:\/\/trail-atlasquest.com\/fr\/accompagnant\/\",\"name\":\"Accompagnant | Atlas Quest | Ultra Trail Atlas Toubkal \u00ae\",\"isPartOf\":{\"@id\":\"https:\/\/trail-atlasquest.com\/#website\"},\"primaryImageOfPage\":{\"@id\":\"https:\/\/trail-atlasquest.com\/fr\/accompagnant\/#primaryimage\"},\"image\":{\"@id\":\"https:\/\/trail-atlasquest.com\/fr\/accompagnant\/#primaryimage\"},\"thumbnailUrl\":\"https:\/\/trail-atlasquest.com\/wp-content\/uploads\/2024\/04\/IMG-20230411-WA0006.jpg\",\"datePublished\":\"2024-10-31T06:42:57+00:00\",\"dateModified\":\"2025-06-02T11:38:37+00:00\",\"description\":\"Accompagner Atlas Quest, c'est bien plus qu'\u00eatre un simple spectateur. Il y a tant de choses \u00e0 faire et \u00e0 voir !\",\"breadcrumb\":{\"@id\":\"https:\/\/trail-atlasquest.com\/fr\/accompagnant\/#breadcrumb\"},\"inLanguage\":\"fr-FR\",\"potentialAction\":[{\"@type\":\"ReadAction\",\"target\":[\"https:\/\/trail-atlasquest.com\/fr\/accompagnant\/\"]}]},{\"@type\":\"ImageObject\",\"inLanguage\":\"fr-FR\",\"@id\":\"https:\/\/trail-atlasquest.com\/fr\/accompagnant\/#primaryimage\",\"url\":\"https:\/\/trail-atlasquest.com\/wp-content\/uploads\/2024\/04\/IMG-20230411-WA0006.jpg\",\"contentUrl\":\"https:\/\/trail-atlasquest.com\/wp-content\/uploads\/2024\/04\/IMG-20230411-WA0006.jpg\"},{\"@type\":\"BreadcrumbList\",\"@id\":\"https:\/\/trail-atlasquest.com\/fr\/accompagnant\/#breadcrumb\",\"itemListElement\":[{\"@type\":\"ListItem\",\"position\":1,\"name\":\"Accueil\",\"item\":\"https:\/\/trail-atlasquest.com\/fr\/accueil\/\"},{\"@type\":\"ListItem\",\"position\":2,\"name\":\"Accompagnant\"}]},{\"@type\":\"WebSite\",\"@id\":\"https:\/\/trail-atlasquest.com\/#website\",\"url\":\"https:\/\/trail-atlasquest.com\/\",\"name\":\"Atlas Quest | Ultra Trail Atlas Toubkal \u00ae\",\"description\":\"Find Your Breath in the Atlas\",\"publisher\":{\"@id\":\"https:\/\/trail-atlasquest.com\/#organization\"},\"potentialAction\":[{\"@type\":\"SearchAction\",\"target\":{\"@type\":\"EntryPoint\",\"urlTemplate\":\"https:\/\/trail-atlasquest.com\/?s={search_term_string}\"},\"query-input\":{\"@type\":\"PropertyValueSpecification\",\"valueRequired\":true,\"valueName\":\"search_term_string\"}}],\"inLanguage\":\"fr-FR\"},{\"@type\":\"Organization\",\"@id\":\"https:\/\/trail-atlasquest.com\/#organization\",\"name\":\"Association Sport Nature D\u00e9veloppement\",\"alternateName\":\"ASND\",\"url\":\"https:\/\/trail-atlasquest.com\/\",\"logo\":{\"@type\":\"ImageObject\",\"inLanguage\":\"fr-FR\",\"@id\":\"https:\/\/trail-atlasquest.com\/#\/schema\/logo\/image\/\",\"url\":\"https:\/\/trail-atlasquest.com\/wp-content\/uploads\/2023\/11\/Logo-AQ-CMJN-PNG1.png\",\"contentUrl\":\"https:\/\/trail-atlasquest.com\/wp-content\/uploads\/2023\/11\/Logo-AQ-CMJN-PNG1.png\",\"width\":1928,\"height\":756,\"caption\":\"Association Sport Nature D\u00e9veloppement\"},\"image\":{\"@id\":\"https:\/\/trail-atlasquest.com\/#\/schema\/logo\/image\/\"},\"sameAs\":[\"https:\/\/www.facebook.com\/UTATofficielle\/\",\"https:\/\/www.instagram.com\/atlas_quest_ultratrail\/\",\"https:\/\/www.youtube.com\/@UltraTrailAtlasToubkal\"]}]}<\/script>\n<!-- \/ Yoast SEO plugin. -->","yoast_head_json":{"title":"Accompagnant | Atlas Quest | Ultra Trail Atlas Toubkal \u00ae","description":"Accompagner Atlas Quest, c'est bien plus qu'\u00eatre un simple spectateur. Il y a tant de choses \u00e0 faire et \u00e0 voir !","robots":{"index":"index","follow":"follow","max-snippet":"max-snippet:-1","max-image-preview":"max-image-preview:large","max-video-preview":"max-video-preview:-1"},"canonical":"https:\/\/trail-atlasquest.com\/fr\/accompagnant\/","og_locale":"fr_FR","og_type":"article","og_title":"Accompagnant | Atlas Quest | Ultra Trail Atlas Toubkal \u00ae","og_description":"Accompagner Atlas Quest, c'est bien plus qu'\u00eatre un simple spectateur. Il y a tant de choses \u00e0 faire et \u00e0 voir !","og_url":"https:\/\/trail-atlasquest.com\/fr\/accompagnant\/","og_site_name":"Atlas Quest | Ultra Trail Atlas Toubkal \u00ae","article_publisher":"https:\/\/www.facebook.com\/UTATofficielle\/","article_modified_time":"2025-06-02T11:38:37+00:00","og_image":[{"width":1824,"height":1368,"url":"https:\/\/trail-atlasquest.com\/wp-content\/uploads\/2024\/04\/IMG-20230411-WA0006.jpg","type":"image\/jpeg"}],"twitter_card":"summary_large_image","twitter_misc":{"Dur\u00e9e de lecture estim\u00e9e":"2 minutes"},"schema":{"@context":"https:\/\/schema.org","@graph":[{"@type":"WebPage","@id":"https:\/\/trail-atlasquest.com\/fr\/accompagnant\/","url":"https:\/\/trail-atlasquest.com\/fr\/accompagnant\/","name":"Accompagnant | Atlas Quest | Ultra Trail Atlas Toubkal \u00ae","isPartOf":{"@id":"https:\/\/trail-atlasquest.com\/#website"},"primaryImageOfPage":{"@id":"https:\/\/trail-atlasquest.com\/fr\/accompagnant\/#primaryimage"},"image":{"@id":"https:\/\/trail-atlasquest.com\/fr\/accompagnant\/#primaryimage"},"thumbnailUrl":"https:\/\/trail-atlasquest.com\/wp-content\/uploads\/2024\/04\/IMG-20230411-WA0006.jpg","datePublished":"2024-10-31T06:42:57+00:00","dateModified":"2025-06-02T11:38:37+00:00","description":"Accompagner Atlas Quest, c'est bien plus qu'\u00eatre un simple spectateur. Il y a tant de choses \u00e0 faire et \u00e0 voir !","breadcrumb":{"@id":"https:\/\/trail-atlasquest.com\/fr\/accompagnant\/#breadcrumb"},"inLanguage":"fr-FR","potentialAction":[{"@type":"ReadAction","target":["https:\/\/trail-atlasquest.com\/fr\/accompagnant\/"]}]},{"@type":"ImageObject","inLanguage":"fr-FR","@id":"https:\/\/trail-atlasquest.com\/fr\/accompagnant\/#primaryimage","url":"https:\/\/trail-atlasquest.com\/wp-content\/uploads\/2024\/04\/IMG-20230411-WA0006.jpg","contentUrl":"https:\/\/trail-atlasquest.com\/wp-content\/uploads\/2024\/04\/IMG-20230411-WA0006.jpg"},{"@type":"BreadcrumbList","@id":"https:\/\/trail-atlasquest.com\/fr\/accompagnant\/#breadcrumb","itemListElement":[{"@type":"ListItem","position":1,"name":"Accueil","item":"https:\/\/trail-atlasquest.com\/fr\/accueil\/"},{"@type":"ListItem","position":2,"name":"Accompagnant"}]},{"@type":"WebSite","@id":"https:\/\/trail-atlasquest.com\/#website","url":"https:\/\/trail-atlasquest.com\/","name":"Atlas Quest | Ultra Trail Atlas Toubkal \u00ae","description":"Find Your Breath in the Atlas","publisher":{"@id":"https:\/\/trail-atlasquest.com\/#organization"},"potentialAction":[{"@type":"SearchAction","target":{"@type":"EntryPoint","urlTemplate":"https:\/\/trail-atlasquest.com\/?s={search_term_string}"},"query-input":{"@type":"PropertyValueSpecification","valueRequired":true,"valueName":"search_term_string"}}],"inLanguage":"fr-FR"},{"@type":"Organization","@id":"https:\/\/trail-atlasquest.com\/#organization","name":"Association Sport Nature D\u00e9veloppement","alternateName":"ASND","url":"https:\/\/trail-atlasquest.com\/","logo":{"@type":"ImageObject","inLanguage":"fr-FR","@id":"https:\/\/trail-atlasquest.com\/#\/schema\/logo\/image\/","url":"https:\/\/trail-atlasquest.com\/wp-content\/uploads\/2023\/11\/Logo-AQ-CMJN-PNG1.png","contentUrl":"https:\/\/trail-atlasquest.com\/wp-content\/uploads\/2023\/11\/Logo-AQ-CMJN-PNG1.png","width":1928,"height":756,"caption":"Association Sport Nature D\u00e9veloppement"},"image":{"@id":"https:\/\/trail-atlasquest.com\/#\/schema\/logo\/image\/"},"sameAs":["https:\/\/www.facebook.com\/UTATofficielle\/","https:\/\/www.instagram.com\/atlas_quest_ultratrail\/","https:\/\/www.youtube.com\/@UltraTrailAtlasToubkal"]}]}},"_links":{"self":[{"href":"https:\/\/trail-atlasquest.com\/fr\/wp-json\/wp\/v2\/pages\/39549","targetHints":{"allow":["GET"]}}],"collection":[{"href":"https:\/\/trail-atlasquest.com\/fr\/wp-json\/wp\/v2\/pages"}],"about":[{"href":"https:\/\/trail-atlasquest.com\/fr\/wp-json\/wp\/v2\/types\/page"}],"author":[{"embeddable":true,"href":"https:\/\/trail-atlasquest.com\/fr\/wp-json\/wp\/v2\/users\/49"}],"replies":[{"embeddable":true,"href":"https:\/\/trail-atlasquest.com\/fr\/wp-json\/wp\/v2\/comments?post=39549"}],"version-history":[{"count":16,"href":"https:\/\/trail-atlasquest.com\/fr\/wp-json\/wp\/v2\/pages\/39549\/revisions"}],"predecessor-version":[{"id":41695,"href":"https:\/\/trail-atlasquest.com\/fr\/wp-json\/wp\/v2\/pages\/39549\/revisions\/41695"}],"wp:attachment":[{"href":"https:\/\/trail-atlasquest.com\/fr\/wp-json\/wp\/v2\/media?parent=39549"}],"curies":[{"name":"wp","href":"https:\/\/api.w.org\/{rel}","templated":true}]}}