{"id":37291,"date":"2024-08-07T09:54:52","date_gmt":"2024-08-07T07:54:52","guid":{"rendered":"https:\/\/trail-atlasquest.com\/covoiturage\/"},"modified":"2024-12-06T09:38:30","modified_gmt":"2024-12-06T08:38:30","slug":"covoiturage","status":"publish","type":"page","link":"https:\/\/trail-atlasquest.com\/fr\/covoiturage\/","title":{"rendered":"Covoiturage"},"content":{"rendered":"\t\t<div data-elementor-type=\"wp-page\" data-elementor-id=\"37291\" class=\"elementor elementor-37291 elementor-37266\" data-elementor-post-type=\"page\">\n\t\t\t\t<div class=\"elementor-element elementor-element-70a28a13 e-con-full e-flex e-con e-parent\" data-id=\"70a28a13\" data-element_type=\"container\" data-settings=\"{&quot;background_background&quot;:&quot;classic&quot;}\">\n\t\t<div class=\"elementor-element elementor-element-76d94325 e-con-full e-flex e-con e-child\" data-id=\"76d94325\" data-element_type=\"container\" data-settings=\"{&quot;background_background&quot;:&quot;classic&quot;}\">\n\t\t\t\t<div class=\"elementor-element elementor-element-ac25b05 elementor-widget elementor-widget-heading\" data-id=\"ac25b05\" data-element_type=\"widget\" data-widget_type=\"heading.default\">\n\t\t\t\t<div class=\"elementor-widget-container\">\n\t\t\t\t\t<h1 class=\"elementor-heading-title elementor-size-default\">COVOITURez !!<\/h1>\t\t\t\t<\/div>\n\t\t\t\t<\/div>\n\t\t\t\t<\/div>\n\t\t\t\t<\/div>\n\t\t<div class=\"elementor-element elementor-element-478c3034 e-con-full e-flex e-con e-parent\" data-id=\"478c3034\" data-element_type=\"container\">\n\t\t\t\t<div class=\"elementor-element elementor-element-2ea9418d elementor-widget elementor-widget-heading\" data-id=\"2ea9418d\" data-element_type=\"widget\" data-widget_type=\"heading.default\">\n\t\t\t\t<div class=\"elementor-widget-container\">\n\t\t\t\t\t<h2 class=\"elementor-heading-title elementor-size-default\">Rejoignez notre communaut\u00e9 de coureurs et optez pour le covoiturage  A\/R domicile-a\u00e9roport!<\/h2>\t\t\t\t<\/div>\n\t\t\t\t<\/div>\n\t\t\t\t<div class=\"elementor-element elementor-element-773c3cd elementor-widget elementor-widget-text-editor\" data-id=\"773c3cd\" data-element_type=\"widget\" data-widget_type=\"text-editor.default\">\n\t\t\t\t<div class=\"elementor-widget-container\">\n\t\t\t\t\t\t\t\t\t<div class=\"p-rich_text_section\"><h3>Pourquoi covoiturer ?<\/h3><\/b><\/div>\n<ul class=\"p-rich_text_list p-rich_text_list__bullet\" data-stringify-type=\"unordered-list\" data-indent=\"0\" data-border=\"0\">\n \t<li data-stringify-indent=\"0\" data-stringify-border=\"0\"><b data-stringify-type=\"bold\">\u00c9conomisez sur vos frais de transport<\/b>\u00a0: Partagez les co\u00fbts du trajet et r\u00e9duisez vos d\u00e9penses.<\/li>\n \t<li data-stringify-indent=\"0\" data-stringify-border=\"0\"><b data-stringify-type=\"bold\">R\u00e9duisez votre empreinte carbone<\/b>\u00a0: Moins de voitures sur la route, c&rsquo;est mieux pour la plan\u00e8te !<\/li>\n \t<li data-stringify-indent=\"0\" data-stringify-border=\"0\"><b data-stringify-type=\"bold\">Rencontrez d&rsquo;autres participants<\/b>\u00a0: Faites connaissance avec des coureurs partageant la m\u00eame passion d\u00e8s le d\u00e9part.<\/li>\n<\/ul>\n<div class=\"p-rich_text_section\"><b data-stringify-type=\"bold\">Comment \u00e7a marche ?<\/b><\/div>\n<ol class=\"p-rich_text_list p-rich_text_list__ordered\" data-stringify-type=\"ordered-list\" data-indent=\"0\" data-border=\"0\">\n \t<li data-stringify-indent=\"0\" data-stringify-border=\"0\"><b data-stringify-type=\"bold\">Inscrivez-vous<\/b>\u00a0ci-dessous pour proposer un trajet ou s\u00e9lectionnez \u00ab\u00a0Ajouter au trajet\u00a0\u00bb pour opter pour une offre de coivoiturage existante.<\/li>\n \t<li data-stringify-indent=\"0\" data-stringify-border=\"0\"><b data-stringify-type=\"bold\">Les potentiels co\u00e9quipiers<\/b>\u00a0proches de chez vous et int\u00e9ress\u00e9s par votre offre pourront s&rsquo;y rajouter.<\/li>\n \t<li data-stringify-indent=\"0\" data-stringify-border=\"0\"><b data-stringify-type=\"bold\">Planifiez votre trajet<\/b>\u00a0ensemble et profitez d&rsquo;un voyage convivial et \u00e9conomique.<\/li>\n<\/ol>\n<div class=\"p-rich_text_section\"><b data-stringify-type=\"bold\">Pr\u00eat \u00e0 covoiturer ?<\/b>\nRemplissez le formulaire ci-dessous pour commencer \u00e0 organiser votre trajet d\u00e8s maintenant !<\/div>\t\t\t\t\t\t\t\t<\/div>\n\t\t\t\t<\/div>\n\t\t\t\t<div class=\"elementor-element elementor-element-6d4beec5 elementor-widget__width-inherit elementor-widget elementor-widget-text-editor\" data-id=\"6d4beec5\" data-element_type=\"widget\" data-widget_type=\"text-editor.default\">\n\t\t\t\t<div class=\"elementor-widget-container\">\n\t\t\t\t\t\t\t\t\t<p><iframe src=\"https:\/\/app.caroster.io\/fr\/e\/de47a2e6-c40f-4c77-9c8a-6e2cbb614b53\/\" style=\"width: 100%; height: 180vh; border: none;\"><\/iframe><\/p>\n\t\t\t\t\t\t\t\t<\/div>\n\t\t\t\t<\/div>\n\t\t\t\t<\/div>\n\t\t\t\t<\/div>\n\t\t","protected":false},"excerpt":{"rendered":"<p>COVOITURez !! Rejoignez notre communaut\u00e9 de coureurs et optez pour le covoiturage A\/R domicile-a\u00e9roport! Pourquoi covoiturer ? \u00c9conomisez sur vos frais de transport\u00a0: Partagez les co\u00fbts du trajet et r\u00e9duisez vos d\u00e9penses. R\u00e9duisez votre empreinte carbone\u00a0: Moins de voitures sur la route, c&rsquo;est mieux pour la plan\u00e8te ! Rencontrez d&rsquo;autres participants\u00a0: Faites connaissance avec des [&hellip;]<\/p>\n","protected":false},"author":49,"featured_media":0,"parent":0,"menu_order":0,"comment_status":"closed","ping_status":"closed","template":"","meta":{"_acf_changed":false,"_mo_disable_npp":"","site-sidebar-layout":"no-sidebar","site-content-layout":"","ast-site-content-layout":"full-width-container","site-content-style":"default","site-sidebar-style":"default","ast-global-header-display":"","ast-banner-title-visibility":"","ast-main-header-display":"","ast-hfb-above-header-display":"","ast-hfb-below-header-display":"","ast-hfb-mobile-header-display":"","site-post-title":"disabled","ast-breadcrumbs-content":"","ast-featured-img":"disabled","footer-sml-layout":"","theme-transparent-header-meta":"","adv-header-id-meta":"","stick-header-meta":"","header-above-stick-meta":"","header-main-stick-meta":"","header-below-stick-meta":"","astra-migrate-meta-layouts":"default","ast-page-background-enabled":"default","ast-page-background-meta":{"desktop":{"background-color":"var(--ast-global-color-4)","background-image":"","background-repeat":"repeat","background-position":"center center","background-size":"auto","background-attachment":"scroll","background-type":"","background-media":"","overlay-type":"","overlay-color":"","overlay-opacity":"","overlay-gradient":""},"tablet":{"background-color":"","background-image":"","background-repeat":"repeat","background-position":"center center","background-size":"auto","background-attachment":"scroll","background-type":"","background-media":"","overlay-type":"","overlay-color":"","overlay-opacity":"","overlay-gradient":""},"mobile":{"background-color":"","background-image":"","background-repeat":"repeat","background-position":"center center","background-size":"auto","background-attachment":"scroll","background-type":"","background-media":"","overlay-type":"","overlay-color":"","overlay-opacity":"","overlay-gradient":""}},"ast-content-background-meta":{"desktop":{"background-color":"var(--ast-global-color-5)","background-image":"","background-repeat":"repeat","background-position":"center center","background-size":"auto","background-attachment":"scroll","background-type":"","background-media":"","overlay-type":"","overlay-color":"","overlay-opacity":"","overlay-gradient":""},"tablet":{"background-color":"var(--ast-global-color-5)","background-image":"","background-repeat":"repeat","background-position":"center center","background-size":"auto","background-attachment":"scroll","background-type":"","background-media":"","overlay-type":"","overlay-color":"","overlay-opacity":"","overlay-gradient":""},"mobile":{"background-color":"var(--ast-global-color-5)","background-image":"","background-repeat":"repeat","background-position":"center center","background-size":"auto","background-attachment":"scroll","background-type":"","background-media":"","overlay-type":"","overlay-color":"","overlay-opacity":"","overlay-gradient":""}},"footnotes":""},"class_list":["post-37291","page","type-page","status-publish","hentry"],"acf":[],"yoast_head":"<!-- This site is optimized with the Yoast SEO plugin v23.8 - https:\/\/yoast.com\/wordpress\/plugins\/seo\/ -->\n<title>Covoiturage | Atlas Quest | Ultra Trail Atlas Toubkal \u00ae<\/title>\n<meta name=\"description\" content=\"Afin de minimiser les \u00e9missions de CO2, ATLAS QUEST encourage ses coureurs \u00e0 faire du covoiturage pour se rendre aux a\u00e9roports. Cette d\u00e9marche fait partie de la panoplie des mesures mises en place par Atlas Quest. Cette d\u00e9marche fait partie de la panoplie des mesures mises en place par Atlas Quest pour respecter l&#039;environnement.\" \/>\n<meta name=\"robots\" content=\"index, follow, max-snippet:-1, max-image-preview:large, max-video-preview:-1\" \/>\n<link rel=\"canonical\" href=\"https:\/\/trail-atlasquest.com\/fr\/covoiturage\/\" \/>\n<meta property=\"og:locale\" content=\"fr_FR\" \/>\n<meta property=\"og:type\" content=\"article\" \/>\n<meta property=\"og:title\" content=\"Covoiturage | Atlas Quest | Ultra Trail Atlas Toubkal \u00ae\" \/>\n<meta property=\"og:description\" content=\"Afin de minimiser les \u00e9missions de CO2, ATLAS QUEST encourage ses coureurs \u00e0 faire du covoiturage pour se rendre aux a\u00e9roports. Cette d\u00e9marche fait partie de la panoplie des mesures mises en place par Atlas Quest. Cette d\u00e9marche fait partie de la panoplie des mesures mises en place par Atlas Quest pour respecter l&#039;environnement.\" \/>\n<meta property=\"og:url\" content=\"https:\/\/trail-atlasquest.com\/fr\/covoiturage\/\" \/>\n<meta property=\"og:site_name\" content=\"Atlas Quest | Ultra Trail Atlas Toubkal \u00ae\" \/>\n<meta property=\"article:publisher\" content=\"https:\/\/www.facebook.com\/UTATofficielle\/\" \/>\n<meta property=\"article:modified_time\" content=\"2024-12-06T08:38:30+00:00\" \/>\n<meta name=\"twitter:card\" content=\"summary_large_image\" \/>\n<meta name=\"twitter:label1\" content=\"Dur\u00e9e de lecture estim\u00e9e\" \/>\n\t<meta name=\"twitter:data1\" content=\"1 minute\" \/>\n<script type=\"application\/ld+json\" class=\"yoast-schema-graph\">{\"@context\":\"https:\/\/schema.org\",\"@graph\":[{\"@type\":\"WebPage\",\"@id\":\"https:\/\/trail-atlasquest.com\/fr\/covoiturage\/\",\"url\":\"https:\/\/trail-atlasquest.com\/fr\/covoiturage\/\",\"name\":\"Covoiturage | Atlas Quest | Ultra Trail Atlas Toubkal \u00ae\",\"isPartOf\":{\"@id\":\"https:\/\/trail-atlasquest.com\/#website\"},\"datePublished\":\"2024-08-07T07:54:52+00:00\",\"dateModified\":\"2024-12-06T08:38:30+00:00\",\"description\":\"Afin de minimiser les \u00e9missions de CO2, ATLAS QUEST encourage ses coureurs \u00e0 faire du covoiturage pour se rendre aux a\u00e9roports. Cette d\u00e9marche fait partie de la panoplie des mesures mises en place par Atlas Quest. Cette d\u00e9marche fait partie de la panoplie des mesures mises en place par Atlas Quest pour respecter l'environnement.\",\"breadcrumb\":{\"@id\":\"https:\/\/trail-atlasquest.com\/fr\/covoiturage\/#breadcrumb\"},\"inLanguage\":\"fr-FR\",\"potentialAction\":[{\"@type\":\"ReadAction\",\"target\":[\"https:\/\/trail-atlasquest.com\/fr\/covoiturage\/\"]}]},{\"@type\":\"BreadcrumbList\",\"@id\":\"https:\/\/trail-atlasquest.com\/fr\/covoiturage\/#breadcrumb\",\"itemListElement\":[{\"@type\":\"ListItem\",\"position\":1,\"name\":\"Accueil\",\"item\":\"https:\/\/trail-atlasquest.com\/fr\/accueil\/\"},{\"@type\":\"ListItem\",\"position\":2,\"name\":\"Covoiturage\"}]},{\"@type\":\"WebSite\",\"@id\":\"https:\/\/trail-atlasquest.com\/#website\",\"url\":\"https:\/\/trail-atlasquest.com\/\",\"name\":\"Atlas Quest | Ultra Trail Atlas Toubkal \u00ae\",\"description\":\"Find Your Breath in the Atlas\",\"publisher\":{\"@id\":\"https:\/\/trail-atlasquest.com\/#organization\"},\"potentialAction\":[{\"@type\":\"SearchAction\",\"target\":{\"@type\":\"EntryPoint\",\"urlTemplate\":\"https:\/\/trail-atlasquest.com\/?s={search_term_string}\"},\"query-input\":{\"@type\":\"PropertyValueSpecification\",\"valueRequired\":true,\"valueName\":\"search_term_string\"}}],\"inLanguage\":\"fr-FR\"},{\"@type\":\"Organization\",\"@id\":\"https:\/\/trail-atlasquest.com\/#organization\",\"name\":\"Association Sport Nature D\u00e9veloppement\",\"alternateName\":\"ASND\",\"url\":\"https:\/\/trail-atlasquest.com\/\",\"logo\":{\"@type\":\"ImageObject\",\"inLanguage\":\"fr-FR\",\"@id\":\"https:\/\/trail-atlasquest.com\/#\/schema\/logo\/image\/\",\"url\":\"https:\/\/trail-atlasquest.com\/wp-content\/uploads\/2023\/11\/Logo-AQ-CMJN-PNG1.png\",\"contentUrl\":\"https:\/\/trail-atlasquest.com\/wp-content\/uploads\/2023\/11\/Logo-AQ-CMJN-PNG1.png\",\"width\":1928,\"height\":756,\"caption\":\"Association Sport Nature D\u00e9veloppement\"},\"image\":{\"@id\":\"https:\/\/trail-atlasquest.com\/#\/schema\/logo\/image\/\"},\"sameAs\":[\"https:\/\/www.facebook.com\/UTATofficielle\/\",\"https:\/\/www.instagram.com\/atlas_quest_ultratrail\/\",\"https:\/\/www.youtube.com\/@UltraTrailAtlasToubkal\"]}]}<\/script>\n<!-- \/ Yoast SEO plugin. -->","yoast_head_json":{"title":"Covoiturage | Atlas Quest | Ultra Trail Atlas Toubkal \u00ae","description":"Afin de minimiser les \u00e9missions de CO2, ATLAS QUEST encourage ses coureurs \u00e0 faire du covoiturage pour se rendre aux a\u00e9roports. Cette d\u00e9marche fait partie de la panoplie des mesures mises en place par Atlas Quest. Cette d\u00e9marche fait partie de la panoplie des mesures mises en place par Atlas Quest pour respecter l'environnement.","robots":{"index":"index","follow":"follow","max-snippet":"max-snippet:-1","max-image-preview":"max-image-preview:large","max-video-preview":"max-video-preview:-1"},"canonical":"https:\/\/trail-atlasquest.com\/fr\/covoiturage\/","og_locale":"fr_FR","og_type":"article","og_title":"Covoiturage | Atlas Quest | Ultra Trail Atlas Toubkal \u00ae","og_description":"Afin de minimiser les \u00e9missions de CO2, ATLAS QUEST encourage ses coureurs \u00e0 faire du covoiturage pour se rendre aux a\u00e9roports. Cette d\u00e9marche fait partie de la panoplie des mesures mises en place par Atlas Quest. Cette d\u00e9marche fait partie de la panoplie des mesures mises en place par Atlas Quest pour respecter l'environnement.","og_url":"https:\/\/trail-atlasquest.com\/fr\/covoiturage\/","og_site_name":"Atlas Quest | Ultra Trail Atlas Toubkal \u00ae","article_publisher":"https:\/\/www.facebook.com\/UTATofficielle\/","article_modified_time":"2024-12-06T08:38:30+00:00","twitter_card":"summary_large_image","twitter_misc":{"Dur\u00e9e de lecture estim\u00e9e":"1 minute"},"schema":{"@context":"https:\/\/schema.org","@graph":[{"@type":"WebPage","@id":"https:\/\/trail-atlasquest.com\/fr\/covoiturage\/","url":"https:\/\/trail-atlasquest.com\/fr\/covoiturage\/","name":"Covoiturage | Atlas Quest | Ultra Trail Atlas Toubkal \u00ae","isPartOf":{"@id":"https:\/\/trail-atlasquest.com\/#website"},"datePublished":"2024-08-07T07:54:52+00:00","dateModified":"2024-12-06T08:38:30+00:00","description":"Afin de minimiser les \u00e9missions de CO2, ATLAS QUEST encourage ses coureurs \u00e0 faire du covoiturage pour se rendre aux a\u00e9roports. Cette d\u00e9marche fait partie de la panoplie des mesures mises en place par Atlas Quest. Cette d\u00e9marche fait partie de la panoplie des mesures mises en place par Atlas Quest pour respecter l'environnement.","breadcrumb":{"@id":"https:\/\/trail-atlasquest.com\/fr\/covoiturage\/#breadcrumb"},"inLanguage":"fr-FR","potentialAction":[{"@type":"ReadAction","target":["https:\/\/trail-atlasquest.com\/fr\/covoiturage\/"]}]},{"@type":"BreadcrumbList","@id":"https:\/\/trail-atlasquest.com\/fr\/covoiturage\/#breadcrumb","itemListElement":[{"@type":"ListItem","position":1,"name":"Accueil","item":"https:\/\/trail-atlasquest.com\/fr\/accueil\/"},{"@type":"ListItem","position":2,"name":"Covoiturage"}]},{"@type":"WebSite","@id":"https:\/\/trail-atlasquest.com\/#website","url":"https:\/\/trail-atlasquest.com\/","name":"Atlas Quest | Ultra Trail Atlas Toubkal \u00ae","description":"Find Your Breath in the Atlas","publisher":{"@id":"https:\/\/trail-atlasquest.com\/#organization"},"potentialAction":[{"@type":"SearchAction","target":{"@type":"EntryPoint","urlTemplate":"https:\/\/trail-atlasquest.com\/?s={search_term_string}"},"query-input":{"@type":"PropertyValueSpecification","valueRequired":true,"valueName":"search_term_string"}}],"inLanguage":"fr-FR"},{"@type":"Organization","@id":"https:\/\/trail-atlasquest.com\/#organization","name":"Association Sport Nature D\u00e9veloppement","alternateName":"ASND","url":"https:\/\/trail-atlasquest.com\/","logo":{"@type":"ImageObject","inLanguage":"fr-FR","@id":"https:\/\/trail-atlasquest.com\/#\/schema\/logo\/image\/","url":"https:\/\/trail-atlasquest.com\/wp-content\/uploads\/2023\/11\/Logo-AQ-CMJN-PNG1.png","contentUrl":"https:\/\/trail-atlasquest.com\/wp-content\/uploads\/2023\/11\/Logo-AQ-CMJN-PNG1.png","width":1928,"height":756,"caption":"Association Sport Nature D\u00e9veloppement"},"image":{"@id":"https:\/\/trail-atlasquest.com\/#\/schema\/logo\/image\/"},"sameAs":["https:\/\/www.facebook.com\/UTATofficielle\/","https:\/\/www.instagram.com\/atlas_quest_ultratrail\/","https:\/\/www.youtube.com\/@UltraTrailAtlasToubkal"]}]}},"_links":{"self":[{"href":"https:\/\/trail-atlasquest.com\/fr\/wp-json\/wp\/v2\/pages\/37291","targetHints":{"allow":["GET"]}}],"collection":[{"href":"https:\/\/trail-atlasquest.com\/fr\/wp-json\/wp\/v2\/pages"}],"about":[{"href":"https:\/\/trail-atlasquest.com\/fr\/wp-json\/wp\/v2\/types\/page"}],"author":[{"embeddable":true,"href":"https:\/\/trail-atlasquest.com\/fr\/wp-json\/wp\/v2\/users\/49"}],"replies":[{"embeddable":true,"href":"https:\/\/trail-atlasquest.com\/fr\/wp-json\/wp\/v2\/comments?post=37291"}],"version-history":[{"count":3,"href":"https:\/\/trail-atlasquest.com\/fr\/wp-json\/wp\/v2\/pages\/37291\/revisions"}],"predecessor-version":[{"id":40541,"href":"https:\/\/trail-atlasquest.com\/fr\/wp-json\/wp\/v2\/pages\/37291\/revisions\/40541"}],"wp:attachment":[{"href":"https:\/\/trail-atlasquest.com\/fr\/wp-json\/wp\/v2\/media?parent=37291"}],"curies":[{"name":"wp","href":"https:\/\/api.w.org\/{rel}","templated":true}]}}