{"id":36668,"date":"2024-06-18T15:53:43","date_gmt":"2024-06-18T13:53:43","guid":{"rendered":"https:\/\/trail-atlasquest.com\/venir-a-latlas-quest\/"},"modified":"2024-06-18T16:22:54","modified_gmt":"2024-06-18T14:22:54","slug":"venir-a-latlas-quest","status":"publish","type":"page","link":"https:\/\/trail-atlasquest.com\/fr\/venir-a-latlas-quest\/","title":{"rendered":"Venir \u00e0 l&rsquo;Atlas Quest"},"content":{"rendered":"\t\t<div data-elementor-type=\"wp-page\" data-elementor-id=\"36668\" class=\"elementor elementor-36668 elementor-36640\" data-elementor-post-type=\"page\">\n\t\t\t\t<div class=\"elementor-element elementor-element-bb37e04 e-con-full e-flex e-con e-parent\" data-id=\"bb37e04\" data-element_type=\"container\" data-settings=\"{&quot;background_background&quot;:&quot;classic&quot;}\">\n\t\t<div class=\"elementor-element elementor-element-c895dc6 e-con-full e-flex e-con e-child\" data-id=\"c895dc6\" data-element_type=\"container\" data-settings=\"{&quot;background_background&quot;:&quot;classic&quot;}\">\n\t\t\t\t<div class=\"elementor-element elementor-element-85f47fe elementor-widget elementor-widget-heading\" data-id=\"85f47fe\" data-element_type=\"widget\" data-widget_type=\"heading.default\">\n\t\t\t\t<div class=\"elementor-widget-container\">\n\t\t\t\t\t<h1 class=\"elementor-heading-title elementor-size-default\">VENIR \u00c0 <b>L'ATLAS QUEST<b><\/h1>\t\t\t\t<\/div>\n\t\t\t\t<\/div>\n\t\t\t\t<\/div>\n\t\t\t\t<\/div>\n\t\t<div class=\"elementor-element elementor-element-0f4edee e-con-full e-flex e-con e-parent\" data-id=\"0f4edee\" data-element_type=\"container\">\n\t\t<div class=\"elementor-element elementor-element-06b4b37 e-con-full e-flex e-con e-child\" data-id=\"06b4b37\" data-element_type=\"container\">\n\t\t\t\t<div class=\"elementor-element elementor-element-69692af elementor-widget elementor-widget-heading\" data-id=\"69692af\" data-element_type=\"widget\" data-widget_type=\"heading.default\">\n\t\t\t\t<div class=\"elementor-widget-container\">\n\t\t\t\t\t<h2 class=\"elementor-heading-title elementor-size-default\">UN TRAIL ACCESSIBLE<\/h2>\t\t\t\t<\/div>\n\t\t\t\t<\/div>\n\t\t\t\t<div class=\"elementor-element elementor-element-911b437 elementor-widget elementor-widget-text-editor\" data-id=\"911b437\" data-element_type=\"widget\" data-widget_type=\"text-editor.default\">\n\t\t\t\t<div class=\"elementor-widget-container\">\n\t\t\t\t\t\t\t\t\t<p>Participer \u00e0 une course hors de sa r\u00e9gion engendre forc\u00e9ment une v\u00e9ritable logistique : organisation du d\u00e9placement, h\u00e9bergement, heures de transport\u2026<\/p>\n<p>L\u2019Atlas Quest n\u2019est pas plus difficile \u00e0 rallier qu\u2019une \u00e9preuve situ\u00e9e \u00e0 l\u2019autre bout de la France ! Les liaisons a\u00e9riennes entre les grandes villes europ\u00e9ennes et Marrakech sont nombreuses et fr\u00e9quentes.<\/p>\n\t\t\t\t\t\t\t\t<\/div>\n\t\t\t\t<\/div>\n\t\t\t\t<div class=\"elementor-element elementor-element-03e7dd1 elementor-widget elementor-widget-heading\" data-id=\"03e7dd1\" data-element_type=\"widget\" data-widget_type=\"heading.default\">\n\t\t\t\t<div class=\"elementor-widget-container\">\n\t\t\t\t\t<h2 class=\"elementor-heading-title elementor-size-default\">UN INVESTISSEMENT MINIME<\/h2>\t\t\t\t<\/div>\n\t\t\t\t<\/div>\n\t\t\t\t<div class=\"elementor-element elementor-element-610a73a elementor-widget elementor-widget-text-editor\" data-id=\"610a73a\" data-element_type=\"widget\" data-widget_type=\"text-editor.default\">\n\t\t\t\t<div class=\"elementor-widget-container\">\n\t\t\t\t\t\t\t\t\t<p>Une multitude de trails europ\u00e9ens n\u00e9cessitent un engagement financier non n\u00e9gligeable (droits d\u2019inscription, mat\u00e9riel obligatoire, d\u00e9placement\u2026).<\/p>\n<p>Le Maroc a toujours \u00e9t\u00e9 une destination touristique bon march\u00e9 pour les Europ\u00e9ens. Un \u00e9tat de fait d\u2019autant plus vrai depuis que les compagnies a\u00e9riennes low cost se sont empar\u00e9es des liaisons entre l\u2019Europe et Marrakech !<\/p>\n<p>Autant dire que l\u2019Atlas Quest exige un investissement minime, bien moins \u00e9lev\u00e9 que pour de nombreuses courses europ\u00e9ennes. Une fois arriv\u00e9 sur le sol marocain, vous serez pris en charge par l\u2019organisation de l\u2019Atlas Quest (transferts, h\u00e9bergement, repas) et d\u00e9couvrirez un territoire majestueux o\u00f9 pratiquer le trail \u00e0 l\u2019\u00e9tat pur.<\/p>\n<p>L\u2019Atlas Quest, c\u2019est un trail ultra d\u00e9paysant \u00e0 un saut de puce de chez vous ! Ici, tout pr\u00e8s du continent europ\u00e9en, vous vous sentirez pourtant tr\u00e8s, tr\u00e8s loin\u2026<\/p>\n\t\t\t\t\t\t\t\t<\/div>\n\t\t\t\t<\/div>\n\t\t\t\t<\/div>\n\t\t<div class=\"elementor-element elementor-element-b6db117 e-con-full e-flex e-con e-child\" data-id=\"b6db117\" data-element_type=\"container\">\n\t\t\t\t<div class=\"elementor-element elementor-element-66d369b elementor-widget elementor-widget-heading\" data-id=\"66d369b\" data-element_type=\"widget\" data-widget_type=\"heading.default\">\n\t\t\t\t<div class=\"elementor-widget-container\">\n\t\t\t\t\t<p class=\"elementor-heading-title elementor-size-default\">L\u2019ATLAS PLUS PROCHE QUE LES PYR\u00c9N\u00c9ES OU LES ALPES<\/p>\t\t\t\t<\/div>\n\t\t\t\t<\/div>\n\t\t\t\t<div class=\"elementor-element elementor-element-3732951 elementor-widget elementor-widget-image\" data-id=\"3732951\" data-element_type=\"widget\" data-widget_type=\"image.default\">\n\t\t\t\t<div class=\"elementor-widget-container\">\n\t\t\t\t\t\t\t\t\t\t\t\t\t\t\t\t<a href=\"https:\/\/www.jetcost.com\/\" target=\"_blank\" rel=\"nofollow\">\n\t\t\t\t\t\t\t<img fetchpriority=\"high\" decoding=\"async\" width=\"1287\" height=\"986\" src=\"https:\/\/trail-atlasquest.com\/wp-content\/uploads\/2024\/06\/atlas-quest-trail-coming-to-atlas-quest.png\" class=\"attachment-2048x2048 size-2048x2048 wp-image-36652\" alt=\"\" srcset=\"https:\/\/trail-atlasquest.com\/wp-content\/uploads\/2024\/06\/atlas-quest-trail-coming-to-atlas-quest.png 1287w, https:\/\/trail-atlasquest.com\/wp-content\/uploads\/2024\/06\/atlas-quest-trail-coming-to-atlas-quest-300x230.png 300w, https:\/\/trail-atlasquest.com\/wp-content\/uploads\/2024\/06\/atlas-quest-trail-coming-to-atlas-quest-1024x785.png 1024w, https:\/\/trail-atlasquest.com\/wp-content\/uploads\/2024\/06\/atlas-quest-trail-coming-to-atlas-quest-768x588.png 768w, https:\/\/trail-atlasquest.com\/wp-content\/uploads\/2024\/06\/atlas-quest-trail-coming-to-atlas-quest-600x460.png 600w\" sizes=\"(max-width: 1287px) 100vw, 1287px\" \/>\t\t\t\t\t\t\t\t<\/a>\n\t\t\t\t\t\t\t\t\t\t\t\t\t\t\t<\/div>\n\t\t\t\t<\/div>\n\t\t\t\t<div class=\"elementor-element elementor-element-d957f9f elementor-widget elementor-widget-heading\" data-id=\"d957f9f\" data-element_type=\"widget\" data-widget_type=\"heading.default\">\n\t\t\t\t<div class=\"elementor-widget-container\">\n\t\t\t\t\t<p class=\"elementor-heading-title elementor-size-default\">ET BIEN D\u2019AUTRES VILLES ENCORE\u2026<\/p>\t\t\t\t<\/div>\n\t\t\t\t<\/div>\n\t\t<div class=\"elementor-element elementor-element-02acd66 e-con-full e-flex e-con e-child\" data-id=\"02acd66\" data-element_type=\"container\">\n\t\t<div class=\"elementor-element elementor-element-e6c57b3 e-con-full e-flex e-con e-child\" data-id=\"e6c57b3\" data-element_type=\"container\">\n\t\t\t\t<div class=\"elementor-element elementor-element-e64b74b elementor-widget elementor-widget-text-editor\" data-id=\"e64b74b\" data-element_type=\"widget\" data-widget_type=\"text-editor.default\">\n\t\t\t\t<div class=\"elementor-widget-container\">\n\t\t\t\t\t\t\t\t\t<p><strong>France :<\/strong> Nantes, Lyon, Strasbourg, Bordeaux, Nice, Lille, Marseille, Dole, Montpellier<\/p>\n<p><strong>Espagne :<\/strong> G\u00e9rone, Madrid, S\u00e9ville<\/p>\n<p> <strong> Portugal :<\/strong> Porto<\/p>\n<p><strong>Italie :<\/strong> Milan<\/p>\n<p> <strong> Suisse :<\/strong> Gen\u00e8ve, B\u00e2le\/Mulhouse<\/p>\n<p> <strong> Belgique :<\/strong> Charleroi<\/p>\n\t\t\t\t\t\t\t\t<\/div>\n\t\t\t\t<\/div>\n\t\t\t\t<\/div>\n\t\t<div class=\"elementor-element elementor-element-814416a e-con-full e-flex e-con e-child\" data-id=\"814416a\" data-element_type=\"container\">\n\t\t\t\t<div class=\"elementor-element elementor-element-17b8c2a elementor-widget elementor-widget-text-editor\" data-id=\"17b8c2a\" data-element_type=\"widget\" data-widget_type=\"text-editor.default\">\n\t\t\t\t<div class=\"elementor-widget-container\">\n\t\t\t\t\t\t\t\t\t<p><strong>Allemagne :<\/strong> Francfort, Hambourg, Cologne, Munich<\/p>\n<p><strong>Pays-Bas :<\/strong> Amsterdam, Eindhoven<\/p>\n<p><strong>Royaume-Uni :<\/strong> Liverpool, Manchester, Dublin<\/p>\n<p> <strong> Pologne :<\/strong> Varsovie, Cracovie<\/p>\n<p><strong>Autriche :<\/strong> Vienne<\/p>\n<p> <strong> Su\u00e8de :<\/strong> Stockholm, G\u00f6teborg<\/p>\n<p><strong>Croatie :<\/strong> Zadar<\/p>\n\t\t\t\t\t\t\t\t<\/div>\n\t\t\t\t<\/div>\n\t\t\t\t<\/div>\n\t\t\t\t<\/div>\n\t\t\t\t<\/div>\n\t\t\t\t<\/div>\n\t\t\t\t<\/div>\n\t\t","protected":false},"excerpt":{"rendered":"<p>VENIR \u00c0 L&rsquo;ATLAS QUEST UN TRAIL ACCESSIBLE Participer \u00e0 une course hors de sa r\u00e9gion engendre forc\u00e9ment une v\u00e9ritable logistique : organisation du d\u00e9placement, h\u00e9bergement, heures de transport\u2026 L\u2019Atlas Quest n\u2019est pas plus difficile \u00e0 rallier qu\u2019une \u00e9preuve situ\u00e9e \u00e0 l\u2019autre bout de la France ! Les liaisons a\u00e9riennes entre les grandes villes europ\u00e9ennes et [&hellip;]<\/p>\n","protected":false},"author":9,"featured_media":0,"parent":0,"menu_order":0,"comment_status":"closed","ping_status":"closed","template":"","meta":{"_acf_changed":false,"_mo_disable_npp":"","site-sidebar-layout":"no-sidebar","site-content-layout":"","ast-site-content-layout":"full-width-container","site-content-style":"default","site-sidebar-style":"default","ast-global-header-display":"","ast-banner-title-visibility":"","ast-main-header-display":"","ast-hfb-above-header-display":"","ast-hfb-below-header-display":"","ast-hfb-mobile-header-display":"","site-post-title":"disabled","ast-breadcrumbs-content":"","ast-featured-img":"disabled","footer-sml-layout":"","theme-transparent-header-meta":"","adv-header-id-meta":"","stick-header-meta":"","header-above-stick-meta":"","header-main-stick-meta":"","header-below-stick-meta":"","astra-migrate-meta-layouts":"default","ast-page-background-enabled":"default","ast-page-background-meta":{"desktop":{"background-color":"var(--ast-global-color-4)","background-image":"","background-repeat":"repeat","background-position":"center center","background-size":"auto","background-attachment":"scroll","background-type":"","background-media":"","overlay-type":"","overlay-color":"","overlay-opacity":"","overlay-gradient":""},"tablet":{"background-color":"","background-image":"","background-repeat":"repeat","background-position":"center center","background-size":"auto","background-attachment":"scroll","background-type":"","background-media":"","overlay-type":"","overlay-color":"","overlay-opacity":"","overlay-gradient":""},"mobile":{"background-color":"","background-image":"","background-repeat":"repeat","background-position":"center center","background-size":"auto","background-attachment":"scroll","background-type":"","background-media":"","overlay-type":"","overlay-color":"","overlay-opacity":"","overlay-gradient":""}},"ast-content-background-meta":{"desktop":{"background-color":"var(--ast-global-color-5)","background-image":"","background-repeat":"repeat","background-position":"center center","background-size":"auto","background-attachment":"scroll","background-type":"","background-media":"","overlay-type":"","overlay-color":"","overlay-opacity":"","overlay-gradient":""},"tablet":{"background-color":"var(--ast-global-color-5)","background-image":"","background-repeat":"repeat","background-position":"center center","background-size":"auto","background-attachment":"scroll","background-type":"","background-media":"","overlay-type":"","overlay-color":"","overlay-opacity":"","overlay-gradient":""},"mobile":{"background-color":"var(--ast-global-color-5)","background-image":"","background-repeat":"repeat","background-position":"center center","background-size":"auto","background-attachment":"scroll","background-type":"","background-media":"","overlay-type":"","overlay-color":"","overlay-opacity":"","overlay-gradient":""}},"footnotes":""},"class_list":["post-36668","page","type-page","status-publish","hentry"],"acf":[],"yoast_head":"<!-- This site is optimized with the Yoast SEO plugin v23.8 - https:\/\/yoast.com\/wordpress\/plugins\/seo\/ -->\n<title>Venir \u00e0 l&#039;Atlas Quest | Atlas Quest | Ultra Trail Atlas Toubkal \u00ae<\/title>\n<meta name=\"description\" content=\"L\u2019Atlas Quest n\u2019est pas plus difficile \u00e0 rallier qu\u2019une \u00e9preuve situ\u00e9e \u00e0 l\u2019autre bout de la France ! Les liaisons a\u00e9riennes entre les grandes villes europ\u00e9ennes et Marrakech sont nombreuses et fr\u00e9quentes.\" \/>\n<meta name=\"robots\" content=\"index, follow, max-snippet:-1, max-image-preview:large, max-video-preview:-1\" \/>\n<link rel=\"canonical\" href=\"https:\/\/trail-atlasquest.com\/fr\/venir-a-latlas-quest\/\" \/>\n<meta property=\"og:locale\" content=\"fr_FR\" \/>\n<meta property=\"og:type\" content=\"article\" \/>\n<meta property=\"og:title\" content=\"Venir \u00e0 l&#039;Atlas Quest | Atlas Quest | Ultra Trail Atlas Toubkal \u00ae\" \/>\n<meta property=\"og:description\" content=\"L\u2019Atlas Quest n\u2019est pas plus difficile \u00e0 rallier qu\u2019une \u00e9preuve situ\u00e9e \u00e0 l\u2019autre bout de la France ! Les liaisons a\u00e9riennes entre les grandes villes europ\u00e9ennes et Marrakech sont nombreuses et fr\u00e9quentes.\" \/>\n<meta property=\"og:url\" content=\"https:\/\/trail-atlasquest.com\/fr\/venir-a-latlas-quest\/\" \/>\n<meta property=\"og:site_name\" content=\"Atlas Quest | Ultra Trail Atlas Toubkal \u00ae\" \/>\n<meta property=\"article:publisher\" content=\"https:\/\/www.facebook.com\/UTATofficielle\/\" \/>\n<meta property=\"article:modified_time\" content=\"2024-06-18T14:22:54+00:00\" \/>\n<meta property=\"og:image\" content=\"https:\/\/trail-atlasquest.com\/wp-content\/uploads\/2024\/06\/atlas-quest-trail-coming-to-atlas-quest.png\" \/>\n<meta name=\"twitter:card\" content=\"summary_large_image\" \/>\n<meta name=\"twitter:label1\" content=\"Dur\u00e9e de lecture estim\u00e9e\" \/>\n\t<meta name=\"twitter:data1\" content=\"1 minute\" \/>\n<script type=\"application\/ld+json\" class=\"yoast-schema-graph\">{\"@context\":\"https:\/\/schema.org\",\"@graph\":[{\"@type\":\"WebPage\",\"@id\":\"https:\/\/trail-atlasquest.com\/fr\/venir-a-latlas-quest\/\",\"url\":\"https:\/\/trail-atlasquest.com\/fr\/venir-a-latlas-quest\/\",\"name\":\"Venir \u00e0 l'Atlas Quest | Atlas Quest | Ultra Trail Atlas Toubkal \u00ae\",\"isPartOf\":{\"@id\":\"https:\/\/trail-atlasquest.com\/#website\"},\"primaryImageOfPage\":{\"@id\":\"https:\/\/trail-atlasquest.com\/fr\/venir-a-latlas-quest\/#primaryimage\"},\"image\":{\"@id\":\"https:\/\/trail-atlasquest.com\/fr\/venir-a-latlas-quest\/#primaryimage\"},\"thumbnailUrl\":\"https:\/\/trail-atlasquest.com\/wp-content\/uploads\/2024\/06\/atlas-quest-trail-coming-to-atlas-quest.png\",\"datePublished\":\"2024-06-18T13:53:43+00:00\",\"dateModified\":\"2024-06-18T14:22:54+00:00\",\"description\":\"L\u2019Atlas Quest n\u2019est pas plus difficile \u00e0 rallier qu\u2019une \u00e9preuve situ\u00e9e \u00e0 l\u2019autre bout de la France ! Les liaisons a\u00e9riennes entre les grandes villes europ\u00e9ennes et Marrakech sont nombreuses et fr\u00e9quentes.\",\"breadcrumb\":{\"@id\":\"https:\/\/trail-atlasquest.com\/fr\/venir-a-latlas-quest\/#breadcrumb\"},\"inLanguage\":\"fr-FR\",\"potentialAction\":[{\"@type\":\"ReadAction\",\"target\":[\"https:\/\/trail-atlasquest.com\/fr\/venir-a-latlas-quest\/\"]}]},{\"@type\":\"ImageObject\",\"inLanguage\":\"fr-FR\",\"@id\":\"https:\/\/trail-atlasquest.com\/fr\/venir-a-latlas-quest\/#primaryimage\",\"url\":\"https:\/\/trail-atlasquest.com\/wp-content\/uploads\/2024\/06\/atlas-quest-trail-coming-to-atlas-quest.png\",\"contentUrl\":\"https:\/\/trail-atlasquest.com\/wp-content\/uploads\/2024\/06\/atlas-quest-trail-coming-to-atlas-quest.png\"},{\"@type\":\"BreadcrumbList\",\"@id\":\"https:\/\/trail-atlasquest.com\/fr\/venir-a-latlas-quest\/#breadcrumb\",\"itemListElement\":[{\"@type\":\"ListItem\",\"position\":1,\"name\":\"Accueil\",\"item\":\"https:\/\/trail-atlasquest.com\/fr\/accueil\/\"},{\"@type\":\"ListItem\",\"position\":2,\"name\":\"Venir \u00e0 l&rsquo;Atlas Quest\"}]},{\"@type\":\"WebSite\",\"@id\":\"https:\/\/trail-atlasquest.com\/#website\",\"url\":\"https:\/\/trail-atlasquest.com\/\",\"name\":\"Atlas Quest | Ultra Trail Atlas Toubkal \u00ae\",\"description\":\"Find Your Breath in the Atlas\",\"publisher\":{\"@id\":\"https:\/\/trail-atlasquest.com\/#organization\"},\"potentialAction\":[{\"@type\":\"SearchAction\",\"target\":{\"@type\":\"EntryPoint\",\"urlTemplate\":\"https:\/\/trail-atlasquest.com\/?s={search_term_string}\"},\"query-input\":{\"@type\":\"PropertyValueSpecification\",\"valueRequired\":true,\"valueName\":\"search_term_string\"}}],\"inLanguage\":\"fr-FR\"},{\"@type\":\"Organization\",\"@id\":\"https:\/\/trail-atlasquest.com\/#organization\",\"name\":\"Association Sport Nature D\u00e9veloppement\",\"alternateName\":\"ASND\",\"url\":\"https:\/\/trail-atlasquest.com\/\",\"logo\":{\"@type\":\"ImageObject\",\"inLanguage\":\"fr-FR\",\"@id\":\"https:\/\/trail-atlasquest.com\/#\/schema\/logo\/image\/\",\"url\":\"https:\/\/trail-atlasquest.com\/wp-content\/uploads\/2023\/11\/Logo-AQ-CMJN-PNG1.png\",\"contentUrl\":\"https:\/\/trail-atlasquest.com\/wp-content\/uploads\/2023\/11\/Logo-AQ-CMJN-PNG1.png\",\"width\":1928,\"height\":756,\"caption\":\"Association Sport Nature D\u00e9veloppement\"},\"image\":{\"@id\":\"https:\/\/trail-atlasquest.com\/#\/schema\/logo\/image\/\"},\"sameAs\":[\"https:\/\/www.facebook.com\/UTATofficielle\/\",\"https:\/\/www.instagram.com\/atlas_quest_ultratrail\/\",\"https:\/\/www.youtube.com\/@UltraTrailAtlasToubkal\"]}]}<\/script>\n<!-- \/ Yoast SEO plugin. -->","yoast_head_json":{"title":"Venir \u00e0 l'Atlas Quest | Atlas Quest | Ultra Trail Atlas Toubkal \u00ae","description":"L\u2019Atlas Quest n\u2019est pas plus difficile \u00e0 rallier qu\u2019une \u00e9preuve situ\u00e9e \u00e0 l\u2019autre bout de la France ! Les liaisons a\u00e9riennes entre les grandes villes europ\u00e9ennes et Marrakech sont nombreuses et fr\u00e9quentes.","robots":{"index":"index","follow":"follow","max-snippet":"max-snippet:-1","max-image-preview":"max-image-preview:large","max-video-preview":"max-video-preview:-1"},"canonical":"https:\/\/trail-atlasquest.com\/fr\/venir-a-latlas-quest\/","og_locale":"fr_FR","og_type":"article","og_title":"Venir \u00e0 l'Atlas Quest | Atlas Quest | Ultra Trail Atlas Toubkal \u00ae","og_description":"L\u2019Atlas Quest n\u2019est pas plus difficile \u00e0 rallier qu\u2019une \u00e9preuve situ\u00e9e \u00e0 l\u2019autre bout de la France ! Les liaisons a\u00e9riennes entre les grandes villes europ\u00e9ennes et Marrakech sont nombreuses et fr\u00e9quentes.","og_url":"https:\/\/trail-atlasquest.com\/fr\/venir-a-latlas-quest\/","og_site_name":"Atlas Quest | Ultra Trail Atlas Toubkal \u00ae","article_publisher":"https:\/\/www.facebook.com\/UTATofficielle\/","article_modified_time":"2024-06-18T14:22:54+00:00","og_image":[{"url":"https:\/\/trail-atlasquest.com\/wp-content\/uploads\/2024\/06\/atlas-quest-trail-coming-to-atlas-quest.png"}],"twitter_card":"summary_large_image","twitter_misc":{"Dur\u00e9e de lecture estim\u00e9e":"1 minute"},"schema":{"@context":"https:\/\/schema.org","@graph":[{"@type":"WebPage","@id":"https:\/\/trail-atlasquest.com\/fr\/venir-a-latlas-quest\/","url":"https:\/\/trail-atlasquest.com\/fr\/venir-a-latlas-quest\/","name":"Venir \u00e0 l'Atlas Quest | Atlas Quest | Ultra Trail Atlas Toubkal \u00ae","isPartOf":{"@id":"https:\/\/trail-atlasquest.com\/#website"},"primaryImageOfPage":{"@id":"https:\/\/trail-atlasquest.com\/fr\/venir-a-latlas-quest\/#primaryimage"},"image":{"@id":"https:\/\/trail-atlasquest.com\/fr\/venir-a-latlas-quest\/#primaryimage"},"thumbnailUrl":"https:\/\/trail-atlasquest.com\/wp-content\/uploads\/2024\/06\/atlas-quest-trail-coming-to-atlas-quest.png","datePublished":"2024-06-18T13:53:43+00:00","dateModified":"2024-06-18T14:22:54+00:00","description":"L\u2019Atlas Quest n\u2019est pas plus difficile \u00e0 rallier qu\u2019une \u00e9preuve situ\u00e9e \u00e0 l\u2019autre bout de la France ! Les liaisons a\u00e9riennes entre les grandes villes europ\u00e9ennes et Marrakech sont nombreuses et fr\u00e9quentes.","breadcrumb":{"@id":"https:\/\/trail-atlasquest.com\/fr\/venir-a-latlas-quest\/#breadcrumb"},"inLanguage":"fr-FR","potentialAction":[{"@type":"ReadAction","target":["https:\/\/trail-atlasquest.com\/fr\/venir-a-latlas-quest\/"]}]},{"@type":"ImageObject","inLanguage":"fr-FR","@id":"https:\/\/trail-atlasquest.com\/fr\/venir-a-latlas-quest\/#primaryimage","url":"https:\/\/trail-atlasquest.com\/wp-content\/uploads\/2024\/06\/atlas-quest-trail-coming-to-atlas-quest.png","contentUrl":"https:\/\/trail-atlasquest.com\/wp-content\/uploads\/2024\/06\/atlas-quest-trail-coming-to-atlas-quest.png"},{"@type":"BreadcrumbList","@id":"https:\/\/trail-atlasquest.com\/fr\/venir-a-latlas-quest\/#breadcrumb","itemListElement":[{"@type":"ListItem","position":1,"name":"Accueil","item":"https:\/\/trail-atlasquest.com\/fr\/accueil\/"},{"@type":"ListItem","position":2,"name":"Venir \u00e0 l&rsquo;Atlas Quest"}]},{"@type":"WebSite","@id":"https:\/\/trail-atlasquest.com\/#website","url":"https:\/\/trail-atlasquest.com\/","name":"Atlas Quest | Ultra Trail Atlas Toubkal \u00ae","description":"Find Your Breath in the Atlas","publisher":{"@id":"https:\/\/trail-atlasquest.com\/#organization"},"potentialAction":[{"@type":"SearchAction","target":{"@type":"EntryPoint","urlTemplate":"https:\/\/trail-atlasquest.com\/?s={search_term_string}"},"query-input":{"@type":"PropertyValueSpecification","valueRequired":true,"valueName":"search_term_string"}}],"inLanguage":"fr-FR"},{"@type":"Organization","@id":"https:\/\/trail-atlasquest.com\/#organization","name":"Association Sport Nature D\u00e9veloppement","alternateName":"ASND","url":"https:\/\/trail-atlasquest.com\/","logo":{"@type":"ImageObject","inLanguage":"fr-FR","@id":"https:\/\/trail-atlasquest.com\/#\/schema\/logo\/image\/","url":"https:\/\/trail-atlasquest.com\/wp-content\/uploads\/2023\/11\/Logo-AQ-CMJN-PNG1.png","contentUrl":"https:\/\/trail-atlasquest.com\/wp-content\/uploads\/2023\/11\/Logo-AQ-CMJN-PNG1.png","width":1928,"height":756,"caption":"Association Sport Nature D\u00e9veloppement"},"image":{"@id":"https:\/\/trail-atlasquest.com\/#\/schema\/logo\/image\/"},"sameAs":["https:\/\/www.facebook.com\/UTATofficielle\/","https:\/\/www.instagram.com\/atlas_quest_ultratrail\/","https:\/\/www.youtube.com\/@UltraTrailAtlasToubkal"]}]}},"_links":{"self":[{"href":"https:\/\/trail-atlasquest.com\/fr\/wp-json\/wp\/v2\/pages\/36668","targetHints":{"allow":["GET"]}}],"collection":[{"href":"https:\/\/trail-atlasquest.com\/fr\/wp-json\/wp\/v2\/pages"}],"about":[{"href":"https:\/\/trail-atlasquest.com\/fr\/wp-json\/wp\/v2\/types\/page"}],"author":[{"embeddable":true,"href":"https:\/\/trail-atlasquest.com\/fr\/wp-json\/wp\/v2\/users\/9"}],"replies":[{"embeddable":true,"href":"https:\/\/trail-atlasquest.com\/fr\/wp-json\/wp\/v2\/comments?post=36668"}],"version-history":[{"count":0,"href":"https:\/\/trail-atlasquest.com\/fr\/wp-json\/wp\/v2\/pages\/36668\/revisions"}],"wp:attachment":[{"href":"https:\/\/trail-atlasquest.com\/fr\/wp-json\/wp\/v2\/media?parent=36668"}],"curies":[{"name":"wp","href":"https:\/\/api.w.org\/{rel}","templated":true}]}}