{"id":36615,"date":"2024-06-17T14:17:32","date_gmt":"2024-06-17T12:17:32","guid":{"rendered":"https:\/\/trail-atlasquest.com\/resultats\/"},"modified":"2024-12-21T12:34:53","modified_gmt":"2024-12-21T11:34:53","slug":"resultats","status":"publish","type":"page","link":"https:\/\/trail-atlasquest.com\/fr\/resultats\/","title":{"rendered":"R\u00e9sultats"},"content":{"rendered":"\t\t<div data-elementor-type=\"wp-page\" data-elementor-id=\"36615\" class=\"elementor elementor-36615 elementor-36541\" data-elementor-post-type=\"page\">\n\t\t\t\t<div class=\"elementor-element elementor-element-dfeef5f e-con-full e-flex e-con e-parent\" data-id=\"dfeef5f\" data-element_type=\"container\" data-settings=\"{&quot;background_background&quot;:&quot;classic&quot;}\">\n\t\t<div class=\"elementor-element elementor-element-45e6102 e-con-full e-flex e-con e-child\" data-id=\"45e6102\" data-element_type=\"container\" data-settings=\"{&quot;background_background&quot;:&quot;classic&quot;}\">\n\t\t\t\t<div class=\"elementor-element elementor-element-8bb6482 elementor-widget elementor-widget-heading\" data-id=\"8bb6482\" data-element_type=\"widget\" data-widget_type=\"heading.default\">\n\t\t\t\t<div class=\"elementor-widget-container\">\n\t\t\t\t\t<h1 class=\"elementor-heading-title elementor-size-default\">R\u00c9SULTATS<\/h1>\t\t\t\t<\/div>\n\t\t\t\t<\/div>\n\t\t\t\t<\/div>\n\t\t\t\t<\/div>\n\t\t<div class=\"elementor-element elementor-element-3e3abe7 e-con-full e-flex e-con e-parent\" data-id=\"3e3abe7\" data-element_type=\"container\">\n\t\t\t\t<div class=\"elementor-element elementor-element-011529c elementor-align-center elementor-mobile-align-center elementor-widget elementor-widget-button\" data-id=\"011529c\" data-element_type=\"widget\" data-widget_type=\"button.default\">\n\t\t\t\t<div class=\"elementor-widget-container\">\n\t\t\t\t\t\t\t\t\t<div class=\"elementor-button-wrapper\">\n\t\t\t\t\t<a class=\"elementor-button elementor-button-link elementor-size-sm\" href=\"https:\/\/trail-atlasquest.com\/fr\/2024-resultats\/\" target=\"_blank\" rel=\"nofollow\">\n\t\t\t\t\t\t<span class=\"elementor-button-content-wrapper\">\n\t\t\t\t\t\t\t\t\t<span class=\"elementor-button-text\">2024 R\u00e9sultats<\/span>\n\t\t\t\t\t<\/span>\n\t\t\t\t\t<\/a>\n\t\t\t\t<\/div>\n\t\t\t\t\t\t\t\t<\/div>\n\t\t\t\t<\/div>\n\t\t\t\t<div class=\"elementor-element elementor-element-ad6e1e8 elementor-align-center elementor-mobile-align-center elementor-widget elementor-widget-button\" data-id=\"ad6e1e8\" data-element_type=\"widget\" data-widget_type=\"button.default\">\n\t\t\t\t<div class=\"elementor-widget-container\">\n\t\t\t\t\t\t\t\t\t<div class=\"elementor-button-wrapper\">\n\t\t\t\t\t<a class=\"elementor-button elementor-size-sm\" role=\"button\">\n\t\t\t\t\t\t<span class=\"elementor-button-content-wrapper\">\n\t\t\t\t\t\t\t\t\t<span class=\"elementor-button-text\">R\u00e9sultats 2022<\/span>\n\t\t\t\t\t<\/span>\n\t\t\t\t\t<\/a>\n\t\t\t\t<\/div>\n\t\t\t\t\t\t\t\t<\/div>\n\t\t\t\t<\/div>\n\t\t\t\t<div class=\"elementor-element elementor-element-1eae0bc elementor-align-center elementor-mobile-align-center elementor-widget elementor-widget-button\" data-id=\"1eae0bc\" data-element_type=\"widget\" data-widget_type=\"button.default\">\n\t\t\t\t<div class=\"elementor-widget-container\">\n\t\t\t\t\t\t\t\t\t<div class=\"elementor-button-wrapper\">\n\t\t\t\t\t<a class=\"elementor-button elementor-size-sm\" role=\"button\">\n\t\t\t\t\t\t<span class=\"elementor-button-content-wrapper\">\n\t\t\t\t\t\t\t\t\t<span class=\"elementor-button-text\">R\u00e9sultats 2019<\/span>\n\t\t\t\t\t<\/span>\n\t\t\t\t\t<\/a>\n\t\t\t\t<\/div>\n\t\t\t\t\t\t\t\t<\/div>\n\t\t\t\t<\/div>\n\t\t\t\t<div class=\"elementor-element elementor-element-8a811ee elementor-align-center elementor-mobile-align-center elementor-widget elementor-widget-button\" data-id=\"8a811ee\" data-element_type=\"widget\" data-widget_type=\"button.default\">\n\t\t\t\t<div class=\"elementor-widget-container\">\n\t\t\t\t\t\t\t\t\t<div class=\"elementor-button-wrapper\">\n\t\t\t\t\t<a class=\"elementor-button elementor-size-sm\" role=\"button\">\n\t\t\t\t\t\t<span class=\"elementor-button-content-wrapper\">\n\t\t\t\t\t\t\t\t\t<span class=\"elementor-button-text\">R\u00e9sultats 2018<\/span>\n\t\t\t\t\t<\/span>\n\t\t\t\t\t<\/a>\n\t\t\t\t<\/div>\n\t\t\t\t\t\t\t\t<\/div>\n\t\t\t\t<\/div>\n\t\t\t\t<div class=\"elementor-element elementor-element-8b36fa2 elementor-align-center elementor-mobile-align-center elementor-widget elementor-widget-button\" data-id=\"8b36fa2\" data-element_type=\"widget\" data-widget_type=\"button.default\">\n\t\t\t\t<div class=\"elementor-widget-container\">\n\t\t\t\t\t\t\t\t\t<div class=\"elementor-button-wrapper\">\n\t\t\t\t\t<a class=\"elementor-button elementor-size-sm\" role=\"button\">\n\t\t\t\t\t\t<span class=\"elementor-button-content-wrapper\">\n\t\t\t\t\t\t\t\t\t<span class=\"elementor-button-text\">R\u00e9sultats 2017<\/span>\n\t\t\t\t\t<\/span>\n\t\t\t\t\t<\/a>\n\t\t\t\t<\/div>\n\t\t\t\t\t\t\t\t<\/div>\n\t\t\t\t<\/div>\n\t\t\t\t<div class=\"elementor-element elementor-element-8ed070a elementor-align-center elementor-mobile-align-center elementor-widget elementor-widget-button\" data-id=\"8ed070a\" data-element_type=\"widget\" data-widget_type=\"button.default\">\n\t\t\t\t<div class=\"elementor-widget-container\">\n\t\t\t\t\t\t\t\t\t<div class=\"elementor-button-wrapper\">\n\t\t\t\t\t<a class=\"elementor-button elementor-size-sm\" role=\"button\">\n\t\t\t\t\t\t<span class=\"elementor-button-content-wrapper\">\n\t\t\t\t\t\t\t\t\t<span class=\"elementor-button-text\">R\u00e9sultats 2016<\/span>\n\t\t\t\t\t<\/span>\n\t\t\t\t\t<\/a>\n\t\t\t\t<\/div>\n\t\t\t\t\t\t\t\t<\/div>\n\t\t\t\t<\/div>\n\t\t\t\t<div class=\"elementor-element elementor-element-adddd99 elementor-align-center elementor-mobile-align-center elementor-widget elementor-widget-button\" data-id=\"adddd99\" data-element_type=\"widget\" data-widget_type=\"button.default\">\n\t\t\t\t<div class=\"elementor-widget-container\">\n\t\t\t\t\t\t\t\t\t<div class=\"elementor-button-wrapper\">\n\t\t\t\t\t<a class=\"elementor-button elementor-size-sm\" role=\"button\">\n\t\t\t\t\t\t<span class=\"elementor-button-content-wrapper\">\n\t\t\t\t\t\t\t\t\t<span class=\"elementor-button-text\">R\u00e9sultats 2015<\/span>\n\t\t\t\t\t<\/span>\n\t\t\t\t\t<\/a>\n\t\t\t\t<\/div>\n\t\t\t\t\t\t\t\t<\/div>\n\t\t\t\t<\/div>\n\t\t\t\t<div class=\"elementor-element elementor-element-cd66a41 elementor-align-center elementor-mobile-align-center elementor-widget elementor-widget-button\" data-id=\"cd66a41\" data-element_type=\"widget\" data-widget_type=\"button.default\">\n\t\t\t\t<div class=\"elementor-widget-container\">\n\t\t\t\t\t\t\t\t\t<div class=\"elementor-button-wrapper\">\n\t\t\t\t\t<a class=\"elementor-button elementor-size-sm\" role=\"button\">\n\t\t\t\t\t\t<span class=\"elementor-button-content-wrapper\">\n\t\t\t\t\t\t\t\t\t<span class=\"elementor-button-text\">R\u00e9sultats 2014<\/span>\n\t\t\t\t\t<\/span>\n\t\t\t\t\t<\/a>\n\t\t\t\t<\/div>\n\t\t\t\t\t\t\t\t<\/div>\n\t\t\t\t<\/div>\n\t\t\t\t<\/div>\n\t\t\t\t<\/div>\n\t\t","protected":false},"excerpt":{"rendered":"<p>R\u00c9SULTATS 2024 R\u00e9sultats R\u00e9sultats 2022 R\u00e9sultats 2019 R\u00e9sultats 2018 R\u00e9sultats 2017 R\u00e9sultats 2016 R\u00e9sultats 2015 R\u00e9sultats 2014<\/p>\n","protected":false},"author":9,"featured_media":0,"parent":0,"menu_order":0,"comment_status":"closed","ping_status":"closed","template":"","meta":{"_acf_changed":false,"_mo_disable_npp":"","site-sidebar-layout":"no-sidebar","site-content-layout":"","ast-site-content-layout":"full-width-container","site-content-style":"default","site-sidebar-style":"default","ast-global-header-display":"","ast-banner-title-visibility":"","ast-main-header-display":"","ast-hfb-above-header-display":"","ast-hfb-below-header-display":"","ast-hfb-mobile-header-display":"","site-post-title":"disabled","ast-breadcrumbs-content":"","ast-featured-img":"disabled","footer-sml-layout":"","theme-transparent-header-meta":"","adv-header-id-meta":"","stick-header-meta":"","header-above-stick-meta":"","header-main-stick-meta":"","header-below-stick-meta":"","astra-migrate-meta-layouts":"default","ast-page-background-enabled":"default","ast-page-background-meta":{"desktop":{"background-color":"var(--ast-global-color-4)","background-image":"","background-repeat":"repeat","background-position":"center center","background-size":"auto","background-attachment":"scroll","background-type":"","background-media":"","overlay-type":"","overlay-color":"","overlay-opacity":"","overlay-gradient":""},"tablet":{"background-color":"","background-image":"","background-repeat":"repeat","background-position":"center center","background-size":"auto","background-attachment":"scroll","background-type":"","background-media":"","overlay-type":"","overlay-color":"","overlay-opacity":"","overlay-gradient":""},"mobile":{"background-color":"","background-image":"","background-repeat":"repeat","background-position":"center center","background-size":"auto","background-attachment":"scroll","background-type":"","background-media":"","overlay-type":"","overlay-color":"","overlay-opacity":"","overlay-gradient":""}},"ast-content-background-meta":{"desktop":{"background-color":"var(--ast-global-color-5)","background-image":"","background-repeat":"repeat","background-position":"center center","background-size":"auto","background-attachment":"scroll","background-type":"","background-media":"","overlay-type":"","overlay-color":"","overlay-opacity":"","overlay-gradient":""},"tablet":{"background-color":"var(--ast-global-color-5)","background-image":"","background-repeat":"repeat","background-position":"center center","background-size":"auto","background-attachment":"scroll","background-type":"","background-media":"","overlay-type":"","overlay-color":"","overlay-opacity":"","overlay-gradient":""},"mobile":{"background-color":"var(--ast-global-color-5)","background-image":"","background-repeat":"repeat","background-position":"center center","background-size":"auto","background-attachment":"scroll","background-type":"","background-media":"","overlay-type":"","overlay-color":"","overlay-opacity":"","overlay-gradient":""}},"footnotes":""},"class_list":["post-36615","page","type-page","status-publish","hentry"],"acf":[],"yoast_head":"<!-- This site is optimized with the Yoast SEO plugin v23.8 - https:\/\/yoast.com\/wordpress\/plugins\/seo\/ -->\n<title>R\u00e9sultats | Atlas Quest | Ultra Trail Atlas Toubkal \u00ae<\/title>\n<meta name=\"robots\" content=\"index, follow, max-snippet:-1, max-image-preview:large, max-video-preview:-1\" \/>\n<link rel=\"canonical\" href=\"https:\/\/trail-atlasquest.com\/fr\/resultats\/\" \/>\n<meta property=\"og:locale\" content=\"fr_FR\" \/>\n<meta property=\"og:type\" content=\"article\" \/>\n<meta property=\"og:title\" content=\"R\u00e9sultats | Atlas Quest | Ultra Trail Atlas Toubkal \u00ae\" \/>\n<meta property=\"og:description\" content=\"R\u00c9SULTATS 2024 R\u00e9sultats R\u00e9sultats 2022 R\u00e9sultats 2019 R\u00e9sultats 2018 R\u00e9sultats 2017 R\u00e9sultats 2016 R\u00e9sultats 2015 R\u00e9sultats 2014\" \/>\n<meta property=\"og:url\" content=\"https:\/\/trail-atlasquest.com\/fr\/resultats\/\" \/>\n<meta property=\"og:site_name\" content=\"Atlas Quest | Ultra Trail Atlas Toubkal \u00ae\" \/>\n<meta property=\"article:publisher\" content=\"https:\/\/www.facebook.com\/UTATofficielle\/\" \/>\n<meta property=\"article:modified_time\" content=\"2024-12-21T11:34:53+00:00\" \/>\n<meta name=\"twitter:card\" content=\"summary_large_image\" \/>\n<script type=\"application\/ld+json\" class=\"yoast-schema-graph\">{\"@context\":\"https:\/\/schema.org\",\"@graph\":[{\"@type\":\"WebPage\",\"@id\":\"https:\/\/trail-atlasquest.com\/fr\/resultats\/\",\"url\":\"https:\/\/trail-atlasquest.com\/fr\/resultats\/\",\"name\":\"R\u00e9sultats | Atlas Quest | Ultra Trail Atlas Toubkal \u00ae\",\"isPartOf\":{\"@id\":\"https:\/\/trail-atlasquest.com\/#website\"},\"datePublished\":\"2024-06-17T12:17:32+00:00\",\"dateModified\":\"2024-12-21T11:34:53+00:00\",\"breadcrumb\":{\"@id\":\"https:\/\/trail-atlasquest.com\/fr\/resultats\/#breadcrumb\"},\"inLanguage\":\"fr-FR\",\"potentialAction\":[{\"@type\":\"ReadAction\",\"target\":[\"https:\/\/trail-atlasquest.com\/fr\/resultats\/\"]}]},{\"@type\":\"BreadcrumbList\",\"@id\":\"https:\/\/trail-atlasquest.com\/fr\/resultats\/#breadcrumb\",\"itemListElement\":[{\"@type\":\"ListItem\",\"position\":1,\"name\":\"Accueil\",\"item\":\"https:\/\/trail-atlasquest.com\/fr\/accueil\/\"},{\"@type\":\"ListItem\",\"position\":2,\"name\":\"R\u00e9sultats\"}]},{\"@type\":\"WebSite\",\"@id\":\"https:\/\/trail-atlasquest.com\/#website\",\"url\":\"https:\/\/trail-atlasquest.com\/\",\"name\":\"Atlas Quest | Ultra Trail Atlas Toubkal \u00ae\",\"description\":\"Find Your Breath in the Atlas\",\"publisher\":{\"@id\":\"https:\/\/trail-atlasquest.com\/#organization\"},\"potentialAction\":[{\"@type\":\"SearchAction\",\"target\":{\"@type\":\"EntryPoint\",\"urlTemplate\":\"https:\/\/trail-atlasquest.com\/?s={search_term_string}\"},\"query-input\":{\"@type\":\"PropertyValueSpecification\",\"valueRequired\":true,\"valueName\":\"search_term_string\"}}],\"inLanguage\":\"fr-FR\"},{\"@type\":\"Organization\",\"@id\":\"https:\/\/trail-atlasquest.com\/#organization\",\"name\":\"Association Sport Nature D\u00e9veloppement\",\"alternateName\":\"ASND\",\"url\":\"https:\/\/trail-atlasquest.com\/\",\"logo\":{\"@type\":\"ImageObject\",\"inLanguage\":\"fr-FR\",\"@id\":\"https:\/\/trail-atlasquest.com\/#\/schema\/logo\/image\/\",\"url\":\"https:\/\/trail-atlasquest.com\/wp-content\/uploads\/2023\/11\/Logo-AQ-CMJN-PNG1.png\",\"contentUrl\":\"https:\/\/trail-atlasquest.com\/wp-content\/uploads\/2023\/11\/Logo-AQ-CMJN-PNG1.png\",\"width\":1928,\"height\":756,\"caption\":\"Association Sport Nature D\u00e9veloppement\"},\"image\":{\"@id\":\"https:\/\/trail-atlasquest.com\/#\/schema\/logo\/image\/\"},\"sameAs\":[\"https:\/\/www.facebook.com\/UTATofficielle\/\",\"https:\/\/www.instagram.com\/atlas_quest_ultratrail\/\",\"https:\/\/www.youtube.com\/@UltraTrailAtlasToubkal\"]}]}<\/script>\n<!-- \/ Yoast SEO plugin. -->","yoast_head_json":{"title":"R\u00e9sultats | Atlas Quest | Ultra Trail Atlas Toubkal \u00ae","robots":{"index":"index","follow":"follow","max-snippet":"max-snippet:-1","max-image-preview":"max-image-preview:large","max-video-preview":"max-video-preview:-1"},"canonical":"https:\/\/trail-atlasquest.com\/fr\/resultats\/","og_locale":"fr_FR","og_type":"article","og_title":"R\u00e9sultats | Atlas Quest | Ultra Trail Atlas Toubkal \u00ae","og_description":"R\u00c9SULTATS 2024 R\u00e9sultats R\u00e9sultats 2022 R\u00e9sultats 2019 R\u00e9sultats 2018 R\u00e9sultats 2017 R\u00e9sultats 2016 R\u00e9sultats 2015 R\u00e9sultats 2014","og_url":"https:\/\/trail-atlasquest.com\/fr\/resultats\/","og_site_name":"Atlas Quest | Ultra Trail Atlas Toubkal \u00ae","article_publisher":"https:\/\/www.facebook.com\/UTATofficielle\/","article_modified_time":"2024-12-21T11:34:53+00:00","twitter_card":"summary_large_image","schema":{"@context":"https:\/\/schema.org","@graph":[{"@type":"WebPage","@id":"https:\/\/trail-atlasquest.com\/fr\/resultats\/","url":"https:\/\/trail-atlasquest.com\/fr\/resultats\/","name":"R\u00e9sultats | Atlas Quest | Ultra Trail Atlas Toubkal \u00ae","isPartOf":{"@id":"https:\/\/trail-atlasquest.com\/#website"},"datePublished":"2024-06-17T12:17:32+00:00","dateModified":"2024-12-21T11:34:53+00:00","breadcrumb":{"@id":"https:\/\/trail-atlasquest.com\/fr\/resultats\/#breadcrumb"},"inLanguage":"fr-FR","potentialAction":[{"@type":"ReadAction","target":["https:\/\/trail-atlasquest.com\/fr\/resultats\/"]}]},{"@type":"BreadcrumbList","@id":"https:\/\/trail-atlasquest.com\/fr\/resultats\/#breadcrumb","itemListElement":[{"@type":"ListItem","position":1,"name":"Accueil","item":"https:\/\/trail-atlasquest.com\/fr\/accueil\/"},{"@type":"ListItem","position":2,"name":"R\u00e9sultats"}]},{"@type":"WebSite","@id":"https:\/\/trail-atlasquest.com\/#website","url":"https:\/\/trail-atlasquest.com\/","name":"Atlas Quest | Ultra Trail Atlas Toubkal \u00ae","description":"Find Your Breath in the Atlas","publisher":{"@id":"https:\/\/trail-atlasquest.com\/#organization"},"potentialAction":[{"@type":"SearchAction","target":{"@type":"EntryPoint","urlTemplate":"https:\/\/trail-atlasquest.com\/?s={search_term_string}"},"query-input":{"@type":"PropertyValueSpecification","valueRequired":true,"valueName":"search_term_string"}}],"inLanguage":"fr-FR"},{"@type":"Organization","@id":"https:\/\/trail-atlasquest.com\/#organization","name":"Association Sport Nature D\u00e9veloppement","alternateName":"ASND","url":"https:\/\/trail-atlasquest.com\/","logo":{"@type":"ImageObject","inLanguage":"fr-FR","@id":"https:\/\/trail-atlasquest.com\/#\/schema\/logo\/image\/","url":"https:\/\/trail-atlasquest.com\/wp-content\/uploads\/2023\/11\/Logo-AQ-CMJN-PNG1.png","contentUrl":"https:\/\/trail-atlasquest.com\/wp-content\/uploads\/2023\/11\/Logo-AQ-CMJN-PNG1.png","width":1928,"height":756,"caption":"Association Sport Nature D\u00e9veloppement"},"image":{"@id":"https:\/\/trail-atlasquest.com\/#\/schema\/logo\/image\/"},"sameAs":["https:\/\/www.facebook.com\/UTATofficielle\/","https:\/\/www.instagram.com\/atlas_quest_ultratrail\/","https:\/\/www.youtube.com\/@UltraTrailAtlasToubkal"]}]}},"_links":{"self":[{"href":"https:\/\/trail-atlasquest.com\/fr\/wp-json\/wp\/v2\/pages\/36615","targetHints":{"allow":["GET"]}}],"collection":[{"href":"https:\/\/trail-atlasquest.com\/fr\/wp-json\/wp\/v2\/pages"}],"about":[{"href":"https:\/\/trail-atlasquest.com\/fr\/wp-json\/wp\/v2\/types\/page"}],"author":[{"embeddable":true,"href":"https:\/\/trail-atlasquest.com\/fr\/wp-json\/wp\/v2\/users\/9"}],"replies":[{"embeddable":true,"href":"https:\/\/trail-atlasquest.com\/fr\/wp-json\/wp\/v2\/comments?post=36615"}],"version-history":[{"count":3,"href":"https:\/\/trail-atlasquest.com\/fr\/wp-json\/wp\/v2\/pages\/36615\/revisions"}],"predecessor-version":[{"id":40532,"href":"https:\/\/trail-atlasquest.com\/fr\/wp-json\/wp\/v2\/pages\/36615\/revisions\/40532"}],"wp:attachment":[{"href":"https:\/\/trail-atlasquest.com\/fr\/wp-json\/wp\/v2\/media?parent=36615"}],"curies":[{"name":"wp","href":"https:\/\/api.w.org\/{rel}","templated":true}]}}