{"id":33442,"date":"2024-03-21T14:16:40","date_gmt":"2024-03-21T13:16:40","guid":{"rendered":"https:\/\/trail-atlasquest.com\/?page_id=33442"},"modified":"2025-07-02T11:21:54","modified_gmt":"2025-07-02T09:21:54","slug":"benevole","status":"publish","type":"page","link":"https:\/\/trail-atlasquest.com\/fr\/benevole\/","title":{"rendered":"B\u00e9n\u00e9vole"},"content":{"rendered":"\t\t<div data-elementor-type=\"wp-page\" data-elementor-id=\"33442\" class=\"elementor elementor-33442 elementor-33441\" data-elementor-post-type=\"page\">\n\t\t\t\t<div class=\"elementor-element elementor-element-e0aa148 e-con-full e-flex e-con e-parent\" data-id=\"e0aa148\" data-element_type=\"container\" data-settings=\"{&quot;background_background&quot;:&quot;classic&quot;}\">\n\t\t<div class=\"elementor-element elementor-element-27b7683 e-con-full e-flex e-con e-child\" data-id=\"27b7683\" data-element_type=\"container\" data-settings=\"{&quot;background_background&quot;:&quot;classic&quot;}\">\n\t\t\t\t<div class=\"elementor-element elementor-element-266b6ef elementor-widget elementor-widget-heading\" data-id=\"266b6ef\" data-element_type=\"widget\" data-widget_type=\"heading.default\">\n\t\t\t\t<div class=\"elementor-widget-container\">\n\t\t\t\t\t<h1 class=\"elementor-heading-title elementor-size-default\">B\u00c9N\u00c9VOLES ATLAS QUEST<\/h1>\t\t\t\t<\/div>\n\t\t\t\t<\/div>\n\t\t\t\t<div class=\"elementor-element elementor-element-e95fe4a elementor-widget elementor-widget-heading\" data-id=\"e95fe4a\" data-element_type=\"widget\" data-widget_type=\"heading.default\">\n\t\t\t\t<div class=\"elementor-widget-container\">\n\t\t\t\t\t<p class=\"elementor-heading-title elementor-size-default\">SANS EUX, L\u2019ATLAS QUEST N\u2019EXISTERAIT PAS. <\/p>\t\t\t\t<\/div>\n\t\t\t\t<\/div>\n\t\t\t\t<\/div>\n\t\t\t\t<\/div>\n\t\t<div class=\"elementor-element elementor-element-2ecce9b e-con-full e-flex e-con e-parent\" data-id=\"2ecce9b\" data-element_type=\"container\">\n\t\t<div class=\"elementor-element elementor-element-7f71f05 e-con-full e-flex e-con e-child\" data-id=\"7f71f05\" data-element_type=\"container\">\n\t\t\t\t<div class=\"elementor-element elementor-element-5392c13 elementor-widget__width-initial elementor-widget elementor-widget-heading\" data-id=\"5392c13\" data-element_type=\"widget\" data-widget_type=\"heading.default\">\n\t\t\t\t<div class=\"elementor-widget-container\">\n\t\t\t\t\t<h2 class=\"elementor-heading-title elementor-size-default\">NOTRE EQUIPE DE BENEVOLES ATLAS QUEST EST TOUT SIMPLEMENT EXTRAORDINAIRE\u00a0!<\/h2>\t\t\t\t<\/div>\n\t\t\t\t<\/div>\n\t\t\t\t<div class=\"elementor-element elementor-element-fa9f2b2 elementor-widget elementor-widget-text-editor\" data-id=\"fa9f2b2\" data-element_type=\"widget\" data-widget_type=\"text-editor.default\">\n\t\t\t\t<div class=\"elementor-widget-container\">\n\t\t\t\t\t\t\t\t\t<p>Gr\u00e2ce \u00e0 l\u2019engagement de chacun, nous offrons une exp\u00e9rience inoubliable aux coureurs, aux participants de l\u2019ATLAS QUEST.<\/p><p>Parce que l\u2019ATLAS QUEST se d\u00e9roule dans un environnement exceptionnel (camp de base \u00e0 2600m d\u2019altitude), que l\u2019\u00e9v\u00e9nement n\u2019est pas qu\u2019une simple course mais un pack s\u00e9jour complet (5 jours), il requiert des comp\u00e9tences multiples, des savoirs-\u00eatre que les volontaires mettent \u00e0 disposition d\u2019ATLAS QUEST.<\/p><p>Chaque ann\u00e9e, chacun joue un r\u00f4le crucial dans l\u2019organisation en amont, et sur le terrain, dans chaque mission op\u00e9rationnelle pr\u00e9cise (de l\u2019accueil des navettes \u00e0 l\u2019installation du r\u00e9seau radio, du suivi m\u00e9dical et param\u00e9dical \u00e0 la qualit\u00e9 des ravitaillements, du point info \u00e0 la remise des dossards \u2026). Venez apporter votre \u00e9nergie, enthousiasme et g\u00e9n\u00e9rosit\u00e9, mais aussi vos comp\u00e9tences op\u00e9rationnelles, et votre exp\u00e9rience afin de s\u00e9curiser et professionnaliser l\u2019\u00e9v\u00e9nement.<\/p><p>Bref, les volontaires ont pour motivation de tout mettre en \u0153uvre pour une organisation fluide et agr\u00e9able, et mettre le meilleur d\u2019eux m\u00eame aux services des coureurs et autres participants. C\u2019est aussi pour vous, b\u00e9n\u00e9voles, d\u00e9cider de vivre une aventure humaine, riche en rencontres, \u00e9changes et d\u00e9couvertes.<\/p><p>Venez nous rejoindre, \u00e9toffer l\u2019\u00e9quipe d\u00e9j\u00e0 accro d\u2019ATLAS QUEST !<\/p><p>Vous l\u2019avez compris, nous proposons de multiples missions (accueil-infos-dossards-ravitaillement-parcours-contr\u00f4le-dispositif radio-m\u00e9dical etc.) \u00e0 diff\u00e9rents endroits (bivouac \u2013 endroits plus ou moins lointains sur le parcours)<\/p><p>L\u2019ATLAS QUEST assure la s\u00e9curit\u00e9 des b\u00e9n\u00e9voles et prend en charge financi\u00e8rement pour l\u2019\u00e9dition 2025 (du 30\/09\/2025 au Mardi 07\/10\/2025)\u00a0:<\/p><ul><li data-renderer-start-pos=\"491\">Les transferts A\u00e9roport Marrakech\/Camp Ouka\u00efmeden\/ A\u00e9roport Marrakech<\/li><li data-renderer-start-pos=\"491\">Les repas et h\u00e9bergements durant l&rsquo;\u00e9v\u00e9nement du 30\/09\/25 au lundi 06\/10\/25 sur le camp d\u2019Ouka\u00efmeden et\/ou vacations sur le parcours<\/li><li data-renderer-start-pos=\"491\">L\u2019h\u00f4tel et la soir\u00e9e priv\u00e9e b\u00e9n\u00e9vole \u00e0 Marrakech pour la nuit du lundi au mardi 07\/10\/25<\/li><li data-renderer-start-pos=\"491\">Les moments de convivialit\u00e9 collectifs \u00e0 l\u2019accueil et \u00e0 la fin des missions<\/li><\/ul><p>Seul le transport de son lieu de r\u00e9sidence \u00e0 Marrakech reste \u00e0 la charge du b\u00e9n\u00e9vole.<\/p><p>N\u2019oubliez pas que vous pouvez prolonger l\u2019aventure en vous lan\u00e7ant dans l\u2019ascension du Toubkal, le plus haut sommet de l\u2019Afrique du Nord. <i>(Option 290\u20ac-d\u00e9part le lundi 06\/10\/2025)<\/i>.<\/p><p>D\u00e9couvrez la charte des b\u00e9n\u00e9voles<\/p>\t\t\t\t\t\t\t\t<\/div>\n\t\t\t\t<\/div>\n\t\t\t\t<div class=\"elementor-element elementor-element-8f57b9b elementor-widget elementor-widget-button\" data-id=\"8f57b9b\" data-element_type=\"widget\" data-widget_type=\"button.default\">\n\t\t\t\t<div class=\"elementor-widget-container\">\n\t\t\t\t\t\t\t\t\t<div class=\"elementor-button-wrapper\">\n\t\t\t\t\t<a class=\"elementor-button elementor-button-link elementor-size-sm\" href=\"https:\/\/trail-atlasquest.com\/wp-content\/uploads\/2024\/12\/Onglet-benevole-_Charte-benevole-AQ-2025_compressed.pdf\" target=\"_blank\">\n\t\t\t\t\t\t<span class=\"elementor-button-content-wrapper\">\n\t\t\t\t\t\t<span class=\"elementor-button-icon\">\n\t\t\t\t<svg aria-hidden=\"true\" class=\"e-font-icon-svg e-fas-download\" viewBox=\"0 0 512 512\" xmlns=\"http:\/\/www.w3.org\/2000\/svg\"><path d=\"M216 0h80c13.3 0 24 10.7 24 24v168h87.7c17.8 0 26.7 21.5 14.1 34.1L269.7 378.3c-7.5 7.5-19.8 7.5-27.3 0L90.1 226.1c-12.6-12.6-3.7-34.1 14.1-34.1H192V24c0-13.3 10.7-24 24-24zm296 376v112c0 13.3-10.7 24-24 24H24c-13.3 0-24-10.7-24-24V376c0-13.3 10.7-24 24-24h146.7l49 49c20.1 20.1 52.5 20.1 72.6 0l49-49H488c13.3 0 24 10.7 24 24zm-124 88c0-11-9-20-20-20s-20 9-20 20 9 20 20 20 20-9 20-20zm64 0c0-11-9-20-20-20s-20 9-20 20 9 20 20 20 20-9 20-20z\"><\/path><\/svg>\t\t\t<\/span>\n\t\t\t\t\t\t\t\t\t<span class=\"elementor-button-text\">Charte b\u00e9n\u00e9vole<\/span>\n\t\t\t\t\t<\/span>\n\t\t\t\t\t<\/a>\n\t\t\t\t<\/div>\n\t\t\t\t\t\t\t\t<\/div>\n\t\t\t\t<\/div>\n\t\t<div class=\"elementor-element elementor-element-1ea9695 e-con-full e-flex e-con e-child\" data-id=\"1ea9695\" data-element_type=\"container\">\n\t\t<div class=\"elementor-element elementor-element-ecc3498 e-con-full e-flex e-con e-child\" data-id=\"ecc3498\" data-element_type=\"container\">\n\t\t\t\t<div class=\"elementor-element elementor-element-4d31db6 elementor-widget elementor-widget-button\" data-id=\"4d31db6\" data-element_type=\"widget\" data-widget_type=\"button.default\">\n\t\t\t\t<div class=\"elementor-widget-container\">\n\t\t\t\t\t\t\t\t\t<div class=\"elementor-button-wrapper\">\n\t\t\t\t\t<a class=\"elementor-button elementor-size-sm\" role=\"button\">\n\t\t\t\t\t\t<span class=\"elementor-button-content-wrapper\">\n\t\t\t\t\t\t\t\t\t<span class=\"elementor-button-text\">DEPOSER SA CANDIDATURE<\/span>\n\t\t\t\t\t<\/span>\n\t\t\t\t\t<\/a>\n\t\t\t\t<\/div>\n\t\t\t\t\t\t\t\t<\/div>\n\t\t\t\t<\/div>\n\t\t\t\t<div class=\"elementor-element elementor-element-cf10743 elementor-widget elementor-widget-text-editor\" data-id=\"cf10743\" data-element_type=\"widget\" data-widget_type=\"text-editor.default\">\n\t\t\t\t<div class=\"elementor-widget-container\">\n\t\t\t\t\t\t\t\t\t<p>Le d\u00e9pot de candidatures sera possible \u00e0 partir du 15 janvier 2025<\/p>\t\t\t\t\t\t\t\t<\/div>\n\t\t\t\t<\/div>\n\t\t\t\t<\/div>\n\t\t\t\t<\/div>\n\t\t\t\t<\/div>\n\t\t<div class=\"elementor-element elementor-element-20c7103 e-con-full e-flex e-con e-child\" data-id=\"20c7103\" data-element_type=\"container\">\n\t\t\t\t<div class=\"elementor-element elementor-element-5cf7ebf elementor-widget elementor-widget-image\" data-id=\"5cf7ebf\" data-element_type=\"widget\" data-widget_type=\"image.default\">\n\t\t\t\t<div class=\"elementor-widget-container\">\n\t\t\t\t\t\t\t\t\t\t\t\t\t\t\t<img decoding=\"async\" src=\"https:\/\/trail-atlasquest.com\/wp-content\/uploads\/2024\/12\/2_Photo-montage-antenne_-credit-Sophie_C.jpg\" title=\"\" alt=\"\" loading=\"lazy\" \/>\t\t\t\t\t\t\t\t\t\t\t\t\t\t\t<\/div>\n\t\t\t\t<\/div>\n\t\t\t\t<div class=\"elementor-element elementor-element-e27d504 elementor-widget elementor-widget-image\" data-id=\"e27d504\" data-element_type=\"widget\" data-widget_type=\"image.default\">\n\t\t\t\t<div class=\"elementor-widget-container\">\n\t\t\t\t\t\t\t\t\t\t\t\t\t\t\t<img fetchpriority=\"high\" decoding=\"async\" width=\"800\" height=\"533\" src=\"https:\/\/trail-atlasquest.com\/wp-content\/uploads\/2024\/12\/3_Photo-le-grand-saut_-credit-Thomas_G.jpg\" class=\"attachment-2048x2048 size-2048x2048 wp-image-40754\" alt=\"\" srcset=\"https:\/\/trail-atlasquest.com\/wp-content\/uploads\/2024\/12\/3_Photo-le-grand-saut_-credit-Thomas_G.jpg 800w, https:\/\/trail-atlasquest.com\/wp-content\/uploads\/2024\/12\/3_Photo-le-grand-saut_-credit-Thomas_G-300x200.jpg 300w, https:\/\/trail-atlasquest.com\/wp-content\/uploads\/2024\/12\/3_Photo-le-grand-saut_-credit-Thomas_G-768x512.jpg 768w, https:\/\/trail-atlasquest.com\/wp-content\/uploads\/2024\/12\/3_Photo-le-grand-saut_-credit-Thomas_G-600x400.jpg 600w\" sizes=\"(max-width: 800px) 100vw, 800px\" \/>\t\t\t\t\t\t\t\t\t\t\t\t\t\t\t<\/div>\n\t\t\t\t<\/div>\n\t\t\t\t<\/div>\n\t\t\t\t<\/div>\n\t\t\t\t<\/div>\n\t\t","protected":false},"excerpt":{"rendered":"<p>B\u00c9N\u00c9VOLES ATLAS QUEST SANS EUX, L\u2019ATLAS QUEST N\u2019EXISTERAIT PAS. NOTRE EQUIPE DE BENEVOLES ATLAS QUEST EST TOUT SIMPLEMENT EXTRAORDINAIRE\u00a0! Gr\u00e2ce \u00e0 l\u2019engagement de chacun, nous offrons une exp\u00e9rience inoubliable aux coureurs, aux participants de l\u2019ATLAS QUEST. Parce que l\u2019ATLAS QUEST se d\u00e9roule dans un environnement exceptionnel (camp de base \u00e0 2600m d\u2019altitude), que l\u2019\u00e9v\u00e9nement n\u2019est [&hellip;]<\/p>\n","protected":false},"author":1,"featured_media":0,"parent":0,"menu_order":0,"comment_status":"closed","ping_status":"closed","template":"","meta":{"_acf_changed":false,"_mo_disable_npp":"","site-sidebar-layout":"no-sidebar","site-content-layout":"","ast-site-content-layout":"full-width-container","site-content-style":"default","site-sidebar-style":"default","ast-global-header-display":"","ast-banner-title-visibility":"","ast-main-header-display":"","ast-hfb-above-header-display":"","ast-hfb-below-header-display":"","ast-hfb-mobile-header-display":"","site-post-title":"disabled","ast-breadcrumbs-content":"","ast-featured-img":"disabled","footer-sml-layout":"","theme-transparent-header-meta":"","adv-header-id-meta":"","stick-header-meta":"","header-above-stick-meta":"","header-main-stick-meta":"","header-below-stick-meta":"","astra-migrate-meta-layouts":"default","ast-page-background-enabled":"default","ast-page-background-meta":{"desktop":{"background-color":"var(--ast-global-color-4)","background-image":"","background-repeat":"repeat","background-position":"center center","background-size":"auto","background-attachment":"scroll","background-type":"","background-media":"","overlay-type":"","overlay-color":"","overlay-opacity":"","overlay-gradient":""},"tablet":{"background-color":"","background-image":"","background-repeat":"repeat","background-position":"center center","background-size":"auto","background-attachment":"scroll","background-type":"","background-media":"","overlay-type":"","overlay-color":"","overlay-opacity":"","overlay-gradient":""},"mobile":{"background-color":"","background-image":"","background-repeat":"repeat","background-position":"center center","background-size":"auto","background-attachment":"scroll","background-type":"","background-media":"","overlay-type":"","overlay-color":"","overlay-opacity":"","overlay-gradient":""}},"ast-content-background-meta":{"desktop":{"background-color":"var(--ast-global-color-5)","background-image":"","background-repeat":"repeat","background-position":"center center","background-size":"auto","background-attachment":"scroll","background-type":"","background-media":"","overlay-type":"","overlay-color":"","overlay-opacity":"","overlay-gradient":""},"tablet":{"background-color":"var(--ast-global-color-5)","background-image":"","background-repeat":"repeat","background-position":"center center","background-size":"auto","background-attachment":"scroll","background-type":"","background-media":"","overlay-type":"","overlay-color":"","overlay-opacity":"","overlay-gradient":""},"mobile":{"background-color":"var(--ast-global-color-5)","background-image":"","background-repeat":"repeat","background-position":"center center","background-size":"auto","background-attachment":"scroll","background-type":"","background-media":"","overlay-type":"","overlay-color":"","overlay-opacity":"","overlay-gradient":""}},"footnotes":""},"class_list":["post-33442","page","type-page","status-publish","hentry"],"acf":[],"yoast_head":"<!-- This site is optimized with the Yoast SEO plugin v23.8 - https:\/\/yoast.com\/wordpress\/plugins\/seo\/ -->\n<title>Atlas Quest | Ultra Trail Atlas Toubkal \u00ae | B\u00e9n\u00e9voles<\/title>\n<meta name=\"description\" content=\"Inscrivez-vous \u00e0 Atlas Quest By UTAT 2024 en tant que b\u00e9n\u00e9vole. Les inscriptions des b\u00e9n\u00e9voles sont ouvertes \u00e0 partir du 18 mars 2024. Vos aventures commencent ici !\" \/>\n<meta name=\"robots\" content=\"index, follow, max-snippet:-1, max-image-preview:large, max-video-preview:-1\" \/>\n<link rel=\"canonical\" href=\"https:\/\/trail-atlasquest.com\/fr\/benevole\/\" \/>\n<meta property=\"og:locale\" content=\"fr_FR\" \/>\n<meta property=\"og:type\" content=\"article\" \/>\n<meta property=\"og:title\" content=\"Atlas Quest | Ultra Trail Atlas Toubkal \u00ae | B\u00e9n\u00e9voles\" \/>\n<meta property=\"og:description\" content=\"Inscrivez-vous \u00e0 Atlas Quest By UTAT 2024 en tant que b\u00e9n\u00e9vole. Les inscriptions des b\u00e9n\u00e9voles sont ouvertes \u00e0 partir du 18 mars 2024. Vos aventures commencent ici !\" \/>\n<meta property=\"og:url\" content=\"https:\/\/trail-atlasquest.com\/fr\/benevole\/\" \/>\n<meta property=\"og:site_name\" content=\"Atlas Quest | Ultra Trail Atlas Toubkal \u00ae\" \/>\n<meta property=\"article:publisher\" content=\"https:\/\/www.facebook.com\/UTATofficielle\/\" \/>\n<meta property=\"article:modified_time\" content=\"2025-07-02T09:21:54+00:00\" \/>\n<meta property=\"og:image\" content=\"https:\/\/trail-atlasquest.com\/wp-content\/uploads\/2024\/12\/2_Photo-montage-antenne_-credit-Sophie_C.jpg\" \/>\n<meta name=\"twitter:card\" content=\"summary_large_image\" \/>\n<meta name=\"twitter:label1\" content=\"Dur\u00e9e de lecture estim\u00e9e\" \/>\n\t<meta name=\"twitter:data1\" content=\"3 minutes\" \/>\n<script type=\"application\/ld+json\" class=\"yoast-schema-graph\">{\"@context\":\"https:\/\/schema.org\",\"@graph\":[{\"@type\":\"WebPage\",\"@id\":\"https:\/\/trail-atlasquest.com\/fr\/benevole\/\",\"url\":\"https:\/\/trail-atlasquest.com\/fr\/benevole\/\",\"name\":\"Atlas Quest | Ultra Trail Atlas Toubkal \u00ae | B\u00e9n\u00e9voles\",\"isPartOf\":{\"@id\":\"https:\/\/trail-atlasquest.com\/#website\"},\"primaryImageOfPage\":{\"@id\":\"https:\/\/trail-atlasquest.com\/fr\/benevole\/#primaryimage\"},\"image\":{\"@id\":\"https:\/\/trail-atlasquest.com\/fr\/benevole\/#primaryimage\"},\"thumbnailUrl\":\"https:\/\/trail-atlasquest.com\/wp-content\/uploads\/2024\/12\/2_Photo-montage-antenne_-credit-Sophie_C.jpg\",\"datePublished\":\"2024-03-21T13:16:40+00:00\",\"dateModified\":\"2025-07-02T09:21:54+00:00\",\"description\":\"Inscrivez-vous \u00e0 Atlas Quest By UTAT 2024 en tant que b\u00e9n\u00e9vole. Les inscriptions des b\u00e9n\u00e9voles sont ouvertes \u00e0 partir du 18 mars 2024. Vos aventures commencent ici !\",\"breadcrumb\":{\"@id\":\"https:\/\/trail-atlasquest.com\/fr\/benevole\/#breadcrumb\"},\"inLanguage\":\"fr-FR\",\"potentialAction\":[{\"@type\":\"ReadAction\",\"target\":[\"https:\/\/trail-atlasquest.com\/fr\/benevole\/\"]}]},{\"@type\":\"ImageObject\",\"inLanguage\":\"fr-FR\",\"@id\":\"https:\/\/trail-atlasquest.com\/fr\/benevole\/#primaryimage\",\"url\":\"https:\/\/trail-atlasquest.com\/wp-content\/uploads\/2024\/12\/2_Photo-montage-antenne_-credit-Sophie_C.jpg\",\"contentUrl\":\"https:\/\/trail-atlasquest.com\/wp-content\/uploads\/2024\/12\/2_Photo-montage-antenne_-credit-Sophie_C.jpg\"},{\"@type\":\"BreadcrumbList\",\"@id\":\"https:\/\/trail-atlasquest.com\/fr\/benevole\/#breadcrumb\",\"itemListElement\":[{\"@type\":\"ListItem\",\"position\":1,\"name\":\"Accueil\",\"item\":\"https:\/\/trail-atlasquest.com\/fr\/accueil\/\"},{\"@type\":\"ListItem\",\"position\":2,\"name\":\"B\u00e9n\u00e9vole\"}]},{\"@type\":\"WebSite\",\"@id\":\"https:\/\/trail-atlasquest.com\/#website\",\"url\":\"https:\/\/trail-atlasquest.com\/\",\"name\":\"Atlas Quest | Ultra Trail Atlas Toubkal \u00ae\",\"description\":\"Find Your Breath in the Atlas\",\"publisher\":{\"@id\":\"https:\/\/trail-atlasquest.com\/#organization\"},\"potentialAction\":[{\"@type\":\"SearchAction\",\"target\":{\"@type\":\"EntryPoint\",\"urlTemplate\":\"https:\/\/trail-atlasquest.com\/?s={search_term_string}\"},\"query-input\":{\"@type\":\"PropertyValueSpecification\",\"valueRequired\":true,\"valueName\":\"search_term_string\"}}],\"inLanguage\":\"fr-FR\"},{\"@type\":\"Organization\",\"@id\":\"https:\/\/trail-atlasquest.com\/#organization\",\"name\":\"Association Sport Nature D\u00e9veloppement\",\"alternateName\":\"ASND\",\"url\":\"https:\/\/trail-atlasquest.com\/\",\"logo\":{\"@type\":\"ImageObject\",\"inLanguage\":\"fr-FR\",\"@id\":\"https:\/\/trail-atlasquest.com\/#\/schema\/logo\/image\/\",\"url\":\"https:\/\/trail-atlasquest.com\/wp-content\/uploads\/2023\/11\/Logo-AQ-CMJN-PNG1.png\",\"contentUrl\":\"https:\/\/trail-atlasquest.com\/wp-content\/uploads\/2023\/11\/Logo-AQ-CMJN-PNG1.png\",\"width\":1928,\"height\":756,\"caption\":\"Association Sport Nature D\u00e9veloppement\"},\"image\":{\"@id\":\"https:\/\/trail-atlasquest.com\/#\/schema\/logo\/image\/\"},\"sameAs\":[\"https:\/\/www.facebook.com\/UTATofficielle\/\",\"https:\/\/www.instagram.com\/atlas_quest_ultratrail\/\",\"https:\/\/www.youtube.com\/@UltraTrailAtlasToubkal\"]}]}<\/script>\n<!-- \/ Yoast SEO plugin. -->","yoast_head_json":{"title":"Atlas Quest | Ultra Trail Atlas Toubkal \u00ae | B\u00e9n\u00e9voles","description":"Inscrivez-vous \u00e0 Atlas Quest By UTAT 2024 en tant que b\u00e9n\u00e9vole. Les inscriptions des b\u00e9n\u00e9voles sont ouvertes \u00e0 partir du 18 mars 2024. Vos aventures commencent ici !","robots":{"index":"index","follow":"follow","max-snippet":"max-snippet:-1","max-image-preview":"max-image-preview:large","max-video-preview":"max-video-preview:-1"},"canonical":"https:\/\/trail-atlasquest.com\/fr\/benevole\/","og_locale":"fr_FR","og_type":"article","og_title":"Atlas Quest | Ultra Trail Atlas Toubkal \u00ae | B\u00e9n\u00e9voles","og_description":"Inscrivez-vous \u00e0 Atlas Quest By UTAT 2024 en tant que b\u00e9n\u00e9vole. Les inscriptions des b\u00e9n\u00e9voles sont ouvertes \u00e0 partir du 18 mars 2024. Vos aventures commencent ici !","og_url":"https:\/\/trail-atlasquest.com\/fr\/benevole\/","og_site_name":"Atlas Quest | Ultra Trail Atlas Toubkal \u00ae","article_publisher":"https:\/\/www.facebook.com\/UTATofficielle\/","article_modified_time":"2025-07-02T09:21:54+00:00","og_image":[{"url":"https:\/\/trail-atlasquest.com\/wp-content\/uploads\/2024\/12\/2_Photo-montage-antenne_-credit-Sophie_C.jpg"}],"twitter_card":"summary_large_image","twitter_misc":{"Dur\u00e9e de lecture estim\u00e9e":"3 minutes"},"schema":{"@context":"https:\/\/schema.org","@graph":[{"@type":"WebPage","@id":"https:\/\/trail-atlasquest.com\/fr\/benevole\/","url":"https:\/\/trail-atlasquest.com\/fr\/benevole\/","name":"Atlas Quest | Ultra Trail Atlas Toubkal \u00ae | B\u00e9n\u00e9voles","isPartOf":{"@id":"https:\/\/trail-atlasquest.com\/#website"},"primaryImageOfPage":{"@id":"https:\/\/trail-atlasquest.com\/fr\/benevole\/#primaryimage"},"image":{"@id":"https:\/\/trail-atlasquest.com\/fr\/benevole\/#primaryimage"},"thumbnailUrl":"https:\/\/trail-atlasquest.com\/wp-content\/uploads\/2024\/12\/2_Photo-montage-antenne_-credit-Sophie_C.jpg","datePublished":"2024-03-21T13:16:40+00:00","dateModified":"2025-07-02T09:21:54+00:00","description":"Inscrivez-vous \u00e0 Atlas Quest By UTAT 2024 en tant que b\u00e9n\u00e9vole. Les inscriptions des b\u00e9n\u00e9voles sont ouvertes \u00e0 partir du 18 mars 2024. Vos aventures commencent ici !","breadcrumb":{"@id":"https:\/\/trail-atlasquest.com\/fr\/benevole\/#breadcrumb"},"inLanguage":"fr-FR","potentialAction":[{"@type":"ReadAction","target":["https:\/\/trail-atlasquest.com\/fr\/benevole\/"]}]},{"@type":"ImageObject","inLanguage":"fr-FR","@id":"https:\/\/trail-atlasquest.com\/fr\/benevole\/#primaryimage","url":"https:\/\/trail-atlasquest.com\/wp-content\/uploads\/2024\/12\/2_Photo-montage-antenne_-credit-Sophie_C.jpg","contentUrl":"https:\/\/trail-atlasquest.com\/wp-content\/uploads\/2024\/12\/2_Photo-montage-antenne_-credit-Sophie_C.jpg"},{"@type":"BreadcrumbList","@id":"https:\/\/trail-atlasquest.com\/fr\/benevole\/#breadcrumb","itemListElement":[{"@type":"ListItem","position":1,"name":"Accueil","item":"https:\/\/trail-atlasquest.com\/fr\/accueil\/"},{"@type":"ListItem","position":2,"name":"B\u00e9n\u00e9vole"}]},{"@type":"WebSite","@id":"https:\/\/trail-atlasquest.com\/#website","url":"https:\/\/trail-atlasquest.com\/","name":"Atlas Quest | Ultra Trail Atlas Toubkal \u00ae","description":"Find Your Breath in the Atlas","publisher":{"@id":"https:\/\/trail-atlasquest.com\/#organization"},"potentialAction":[{"@type":"SearchAction","target":{"@type":"EntryPoint","urlTemplate":"https:\/\/trail-atlasquest.com\/?s={search_term_string}"},"query-input":{"@type":"PropertyValueSpecification","valueRequired":true,"valueName":"search_term_string"}}],"inLanguage":"fr-FR"},{"@type":"Organization","@id":"https:\/\/trail-atlasquest.com\/#organization","name":"Association Sport Nature D\u00e9veloppement","alternateName":"ASND","url":"https:\/\/trail-atlasquest.com\/","logo":{"@type":"ImageObject","inLanguage":"fr-FR","@id":"https:\/\/trail-atlasquest.com\/#\/schema\/logo\/image\/","url":"https:\/\/trail-atlasquest.com\/wp-content\/uploads\/2023\/11\/Logo-AQ-CMJN-PNG1.png","contentUrl":"https:\/\/trail-atlasquest.com\/wp-content\/uploads\/2023\/11\/Logo-AQ-CMJN-PNG1.png","width":1928,"height":756,"caption":"Association Sport Nature D\u00e9veloppement"},"image":{"@id":"https:\/\/trail-atlasquest.com\/#\/schema\/logo\/image\/"},"sameAs":["https:\/\/www.facebook.com\/UTATofficielle\/","https:\/\/www.instagram.com\/atlas_quest_ultratrail\/","https:\/\/www.youtube.com\/@UltraTrailAtlasToubkal"]}]}},"_links":{"self":[{"href":"https:\/\/trail-atlasquest.com\/fr\/wp-json\/wp\/v2\/pages\/33442","targetHints":{"allow":["GET"]}}],"collection":[{"href":"https:\/\/trail-atlasquest.com\/fr\/wp-json\/wp\/v2\/pages"}],"about":[{"href":"https:\/\/trail-atlasquest.com\/fr\/wp-json\/wp\/v2\/types\/page"}],"author":[{"embeddable":true,"href":"https:\/\/trail-atlasquest.com\/fr\/wp-json\/wp\/v2\/users\/1"}],"replies":[{"embeddable":true,"href":"https:\/\/trail-atlasquest.com\/fr\/wp-json\/wp\/v2\/comments?post=33442"}],"version-history":[{"count":51,"href":"https:\/\/trail-atlasquest.com\/fr\/wp-json\/wp\/v2\/pages\/33442\/revisions"}],"predecessor-version":[{"id":41949,"href":"https:\/\/trail-atlasquest.com\/fr\/wp-json\/wp\/v2\/pages\/33442\/revisions\/41949"}],"wp:attachment":[{"href":"https:\/\/trail-atlasquest.com\/fr\/wp-json\/wp\/v2\/media?parent=33442"}],"curies":[{"name":"wp","href":"https:\/\/api.w.org\/{rel}","templated":true}]}}